{"id":1364,"date":"2023-05-28T21:03:44","date_gmt":"2023-05-28T20:03:44","guid":{"rendered":"https:\/\/fundacjanarowerze.pl\/?page_id=1364"},"modified":"2023-05-29T09:41:09","modified_gmt":"2023-05-29T08:41:09","slug":"dawaj-dobry-przyklad-w-ruchu-drogowym","status":"publish","type":"page","link":"https:\/\/fundacjanarowerze.pl\/uk\/wspieram\/dawaj-dobry-przyklad-w-ruchu-drogowym\/","title":{"rendered":"Dawaj dobry przyk\u0142ad w ruchu drogowym"},"content":{"rendered":"<p>Zbuduj z nami spo\u0142eczno\u015b\u0107 \u015bwiadomych uczestnik\u00f3w ruchu drogowego &#8211; rowerzyst\u00f3w i kierowc\u00f3w!<\/p>\n\n\n\n<p>Ka\u017cda du\u017ca zmiana zaczyna si\u0119 od tej najmniejszej. Znasz to powiedzenie &#8222;kropla dr\u0105\u017cy ska\u0142\u0119&#8221;? B\u0105d\u017a t\u0105 jedn\u0105 kropl\u0105 &#8211; zacznij \u015bwiadomie uczestniczy\u0107 w ruchu drogowym. <\/p>\n\n\n\n<p>Oto <strong>kilka dobrych przyk\u0142ad\u00f3w<\/strong> w codziennych zachowaniach na drogach, kt\u00f3re mo\u017cesz zacz\u0105\u0107 stosowa\u0107 ju\u017c teraz:<\/p>\n\n\n\n<ul class=\"wp-block-list\">\n<li>nie przeje\u017cd\u017caj rowerem przez przej\u015bcie dla pieszych,<\/li>\n\n\n\n<li>uwa\u017cnie przeje\u017cd\u017caj przez przejazd dla rowerzyst\u00f3w,<\/li>\n\n\n\n<li>ust\u0119puj pierwsze\u0144stwa pieszym na pasach,<\/li>\n\n\n\n<li>zawsze sygnalizuj swoje zamiary skr\u0119tu &#8211; nawet na drogach dla rower\u00f3w,<\/li>\n\n\n\n<li>nie przeje\u017cd\u017caj rowerem na czerwonym \u015bwietle (nawet gdy nic nie jedzie &#8211; ludzie patrz\u0105!),<\/li>\n\n\n\n<li>wsp\u00f3\u0142pracuj z pozosta\u0142ymi uczestnikami ruchu drogowego,<\/li>\n\n\n\n<li>u\u015bmiechaj si\u0119 do innych i dzi\u0119kuj za ka\u017cdy, nawet drobny gest,<\/li>\n\n\n\n<li>a je\u015bli jeste\u015b kierowc\u0105:\n<ul class=\"wp-block-list\">\n<li>wyprzedzaj rowerzyst\u00f3w zawsze zmieniaj\u0105c pas ruchu na s\u0105siedni i u\u017cywaj kierunkowskaz\u00f3w,<\/li>\n\n\n\n<li>przestrzegaj limit\u00f3w pr\u0119dko\u015bci &#8211; zw\u0142aszcza w obszarze zabudowanym (50 km\/h) i w strefach &#8222;tempo 30&#8221; (30 km\/h),<\/li>\n\n\n\n<li>zbli\u017caj\u0105c si\u0119 do przejazd\u00f3w dla rowerzyst\u00f3w zmniejsz pr\u0119dko\u015b\u0107 i przygotuj si\u0119 do zatrzymania pojazdu.<\/li>\n<\/ul>\n<\/li>\n<\/ul>\n\n\n\n<p>Szukasz wi\u0119cej praktycznych porad? <a href=\"https:\/\/www.youtube.com\/channel\/UCLI5LhOtvq7qngefyAcep0w\">Zajrzyj na nasz kana\u0142 na YouTube<\/a> i nie zapomnij Subskrybowa\u0107!<\/p>\n\n\n\n<p><strong>Ju\u017c tak post\u0119pujesz? Mo\u017ce czas na kolejny krok &#8211; sprawd\u017a, czy chcesz si\u0119 z nami zaprzyja\u017ani\u0107!<\/strong><\/p>\n\n\n\n<div class=\"wp-block-buttons is-content-justification-center is-layout-flex wp-container-core-buttons-is-layout-a89b3969 wp-block-buttons-is-layout-flex\">\n<div class=\"wp-block-button\"><a class=\"wp-block-button__link wp-element-button\" href=\"https:\/\/fundacjanarowerze.pl\/uk\/badz-naszym-przyjacielem\/\">Sprawd\u017a co zyskasz, je\u015bli zostaniesz naszym Przyjacielem<\/a><\/div>\n<\/div>\n\n\n\n<div style=\"height:100px\" aria-hidden=\"true\" class=\"wp-block-spacer\"><\/div>","protected":false},"excerpt":{"rendered":"<p>Zbuduj z nami spo\u0142eczno\u015b\u0107 \u015bwiadomych uczestnik\u00f3w ruchu drogowego &#8211; rowerzyst\u00f3w i kierowc\u00f3w! Ka\u017cda du\u017ca zmiana zaczyna si\u0119 od tej najmniejszej. Znasz to powiedzenie &#8222;kropla dr\u0105\u017cy ska\u0142\u0119&#8221;? B\u0105d\u017a t\u0105 jedn\u0105 kropl\u0105 &#8211; zacznij \u015bwiadomie uczestniczy\u0107 w ruchu drogowym. Oto kilka dobrych przyk\u0142ad\u00f3w w codziennych zachowaniach na drogach, kt\u00f3re mo\u017cesz zacz\u0105\u0107 stosowa\u0107 [&hellip;]<\/p>\n","protected":false},"author":1,"featured_media":1443,"parent":1373,"menu_order":0,"comment_status":"closed","ping_status":"closed","template":"","meta":{"footnotes":""},"class_list":["post-1364","page","type-page","status-publish","has-post-thumbnail","hentry"],"yoast_head":"<!-- This site is optimized with the Yoast SEO plugin v27.1.1 - https:\/\/yoast.com\/product\/yoast-seo-wordpress\/ -->\n<title>Dawaj dobry przyk\u0142ad w ruchu drogowym - Fundacja Na Rowerze<\/title>\n<meta name=\"robots\" content=\"index, follow, max-snippet:-1, max-image-preview:large, max-video-preview:-1\" \/>\n<link rel=\"canonical\" href=\"https:\/\/fundacjanarowerze.pl\/uk\/wspieram\/dawaj-dobry-przyklad-w-ruchu-drogowym\/\" \/>\n<meta property=\"og:locale\" content=\"uk_UA\" \/>\n<meta property=\"og:type\" content=\"article\" \/>\n<meta property=\"og:title\" content=\"Dawaj dobry przyk\u0142ad w ruchu drogowym - Fundacja Na Rowerze\" \/>\n<meta property=\"og:description\" content=\"Zbuduj z nami spo\u0142eczno\u015b\u0107 \u015bwiadomych uczestnik\u00f3w ruchu drogowego &#8211; rowerzyst\u00f3w i kierowc\u00f3w! Ka\u017cda du\u017ca zmiana zaczyna si\u0119 od tej najmniejszej. Znasz to powiedzenie &#8222;kropla dr\u0105\u017cy ska\u0142\u0119&#8221;? B\u0105d\u017a t\u0105 jedn\u0105 kropl\u0105 &#8211; zacznij \u015bwiadomie uczestniczy\u0107 w ruchu drogowym. Oto kilka dobrych przyk\u0142ad\u00f3w w codziennych zachowaniach na drogach, kt\u00f3re mo\u017cesz zacz\u0105\u0107 stosowa\u0107 [&hellip;]\" \/>\n<meta property=\"og:url\" content=\"https:\/\/fundacjanarowerze.pl\/uk\/wspieram\/dawaj-dobry-przyklad-w-ruchu-drogowym\/\" \/>\n<meta property=\"og:site_name\" content=\"Fundacja Na Rowerze\" \/>\n<meta property=\"article:publisher\" content=\"https:\/\/www.facebook.com\/fundacjanarowerze\" \/>\n<meta property=\"article:modified_time\" content=\"2023-05-29T08:41:09+00:00\" \/>\n<meta property=\"og:image\" content=\"https:\/\/i0.wp.com\/fundacjanarowerze.pl\/wp-content\/uploads\/2021\/01\/logo_rower_1080x1080.jpg?fit=1080%2C1080&ssl=1\" \/>\n\t<meta property=\"og:image:width\" content=\"1080\" \/>\n\t<meta property=\"og:image:height\" content=\"1080\" \/>\n\t<meta property=\"og:image:type\" content=\"image\/jpeg\" \/>\n<meta name=\"twitter:card\" content=\"summary_large_image\" \/>\n<meta name=\"twitter:site\" content=\"@fundacjanarower\" \/>\n<meta name=\"twitter:label1\" content=\"\u041f\u0440\u0438\u0431\u043b. \u0447\u0430\u0441 \u0447\u0438\u0442\u0430\u043d\u043d\u044f\" \/>\n\t<meta name=\"twitter:data1\" content=\"2 \u0445\u0432\u0438\u043b\u0438\u043d\u0438\" \/>\n<script type=\"application\/ld+json\" class=\"yoast-schema-graph\">{\"@context\":\"https:\/\/schema.org\",\"@graph\":[{\"@type\":\"WebPage\",\"@id\":\"https:\/\/fundacjanarowerze.pl\/wspieram\/dawaj-dobry-przyklad-w-ruchu-drogowym\/\",\"url\":\"https:\/\/fundacjanarowerze.pl\/wspieram\/dawaj-dobry-przyklad-w-ruchu-drogowym\/\",\"name\":\"Dawaj dobry przyk\u0142ad w ruchu drogowym - Fundacja Na Rowerze\",\"isPartOf\":{\"@id\":\"https:\/\/fundacjanarowerze.pl\/#website\"},\"primaryImageOfPage\":{\"@id\":\"https:\/\/fundacjanarowerze.pl\/wspieram\/dawaj-dobry-przyklad-w-ruchu-drogowym\/#primaryimage\"},\"image\":{\"@id\":\"https:\/\/fundacjanarowerze.pl\/wspieram\/dawaj-dobry-przyklad-w-ruchu-drogowym\/#primaryimage\"},\"thumbnailUrl\":\"https:\/\/i0.wp.com\/fundacjanarowerze.pl\/wp-content\/uploads\/2023\/05\/pexels-photo-1239291.jpeg?fit=1880%2C1253&ssl=1\",\"datePublished\":\"2023-05-28T20:03:44+00:00\",\"dateModified\":\"2023-05-29T08:41:09+00:00\",\"breadcrumb\":{\"@id\":\"https:\/\/fundacjanarowerze.pl\/wspieram\/dawaj-dobry-przyklad-w-ruchu-drogowym\/#breadcrumb\"},\"inLanguage\":\"uk\",\"potentialAction\":[{\"@type\":\"ReadAction\",\"target\":[\"https:\/\/fundacjanarowerze.pl\/wspieram\/dawaj-dobry-przyklad-w-ruchu-drogowym\/\"]}]},{\"@type\":\"ImageObject\",\"inLanguage\":\"uk\",\"@id\":\"https:\/\/fundacjanarowerze.pl\/wspieram\/dawaj-dobry-przyklad-w-ruchu-drogowym\/#primaryimage\",\"url\":\"https:\/\/i0.wp.com\/fundacjanarowerze.pl\/wp-content\/uploads\/2023\/05\/pexels-photo-1239291.jpeg?fit=1880%2C1253&ssl=1\",\"contentUrl\":\"https:\/\/i0.wp.com\/fundacjanarowerze.pl\/wp-content\/uploads\/2023\/05\/pexels-photo-1239291.jpeg?fit=1880%2C1253&ssl=1\",\"width\":1880,\"height\":1253,\"caption\":\"Photo by Daniel Xavier on Pexels.com\"},{\"@type\":\"BreadcrumbList\",\"@id\":\"https:\/\/fundacjanarowerze.pl\/wspieram\/dawaj-dobry-przyklad-w-ruchu-drogowym\/#breadcrumb\",\"itemListElement\":[{\"@type\":\"ListItem\",\"position\":1,\"name\":\"Strona g\u0142\u00f3wna\",\"item\":\"https:\/\/fundacjanarowerze.pl\/\"},{\"@type\":\"ListItem\",\"position\":2,\"name\":\"Wesprzyj nas!\",\"item\":\"https:\/\/fundacjanarowerze.pl\/wspieram\/\"},{\"@type\":\"ListItem\",\"position\":3,\"name\":\"Dawaj dobry przyk\u0142ad w ruchu drogowym\"}]},{\"@type\":\"WebSite\",\"@id\":\"https:\/\/fundacjanarowerze.pl\/#website\",\"url\":\"https:\/\/fundacjanarowerze.pl\/\",\"name\":\"Fundacja Na Rowerze\",\"description\":\"Pomagamy rowerzystom zdobywa\u0107 do\u015bwiadczenie w ruchu drogowym\",\"publisher\":{\"@id\":\"https:\/\/fundacjanarowerze.pl\/#organization\"},\"potentialAction\":[{\"@type\":\"SearchAction\",\"target\":{\"@type\":\"EntryPoint\",\"urlTemplate\":\"https:\/\/fundacjanarowerze.pl\/?s={search_term_string}\"},\"query-input\":{\"@type\":\"PropertyValueSpecification\",\"valueRequired\":true,\"valueName\":\"search_term_string\"}}],\"inLanguage\":\"uk\"},{\"@type\":\"Organization\",\"@id\":\"https:\/\/fundacjanarowerze.pl\/#organization\",\"name\":\"Fundacja Na Rowerze\",\"url\":\"https:\/\/fundacjanarowerze.pl\/\",\"logo\":{\"@type\":\"ImageObject\",\"inLanguage\":\"uk\",\"@id\":\"https:\/\/fundacjanarowerze.pl\/#\/schema\/logo\/image\/\",\"url\":\"https:\/\/i2.wp.com\/fundacjanarowerze.pl\/wp-content\/uploads\/2021\/01\/logo_rower_1080x1080.jpg?fit=1080%2C1080&ssl=1\",\"contentUrl\":\"https:\/\/i2.wp.com\/fundacjanarowerze.pl\/wp-content\/uploads\/2021\/01\/logo_rower_1080x1080.jpg?fit=1080%2C1080&ssl=1\",\"width\":1080,\"height\":1080,\"caption\":\"Fundacja Na Rowerze\"},\"image\":{\"@id\":\"https:\/\/fundacjanarowerze.pl\/#\/schema\/logo\/image\/\"},\"sameAs\":[\"https:\/\/www.facebook.com\/fundacjanarowerze\",\"https:\/\/x.com\/fundacjanarower\",\"https:\/\/www.instagram.com\/fundacjanarowerze\"]}]}<\/script>\n<!-- \/ Yoast SEO plugin. -->","yoast_head_json":{"title":"Dawaj dobry przyk\u0142ad w ruchu drogowym - Fundacja Na Rowerze","robots":{"index":"index","follow":"follow","max-snippet":"max-snippet:-1","max-image-preview":"max-image-preview:large","max-video-preview":"max-video-preview:-1"},"canonical":"https:\/\/fundacjanarowerze.pl\/uk\/wspieram\/dawaj-dobry-przyklad-w-ruchu-drogowym\/","og_locale":"uk_UA","og_type":"article","og_title":"Dawaj dobry przyk\u0142ad w ruchu drogowym - Fundacja Na Rowerze","og_description":"Zbuduj z nami spo\u0142eczno\u015b\u0107 \u015bwiadomych uczestnik\u00f3w ruchu drogowego &#8211; rowerzyst\u00f3w i kierowc\u00f3w! Ka\u017cda du\u017ca zmiana zaczyna si\u0119 od tej najmniejszej. Znasz to powiedzenie &#8222;kropla dr\u0105\u017cy ska\u0142\u0119&#8221;? B\u0105d\u017a t\u0105 jedn\u0105 kropl\u0105 &#8211; zacznij \u015bwiadomie uczestniczy\u0107 w ruchu drogowym. Oto kilka dobrych przyk\u0142ad\u00f3w w codziennych zachowaniach na drogach, kt\u00f3re mo\u017cesz zacz\u0105\u0107 stosowa\u0107 [&hellip;]","og_url":"https:\/\/fundacjanarowerze.pl\/uk\/wspieram\/dawaj-dobry-przyklad-w-ruchu-drogowym\/","og_site_name":"Fundacja Na Rowerze","article_publisher":"https:\/\/www.facebook.com\/fundacjanarowerze","article_modified_time":"2023-05-29T08:41:09+00:00","og_image":[{"width":1080,"height":1080,"url":"https:\/\/i0.wp.com\/fundacjanarowerze.pl\/wp-content\/uploads\/2021\/01\/logo_rower_1080x1080.jpg?fit=1080%2C1080&ssl=1","type":"image\/jpeg"}],"twitter_card":"summary_large_image","twitter_site":"@fundacjanarower","twitter_misc":{"\u041f\u0440\u0438\u0431\u043b. \u0447\u0430\u0441 \u0447\u0438\u0442\u0430\u043d\u043d\u044f":"2 \u0445\u0432\u0438\u043b\u0438\u043d\u0438"},"schema":{"@context":"https:\/\/schema.org","@graph":[{"@type":"WebPage","@id":"https:\/\/fundacjanarowerze.pl\/wspieram\/dawaj-dobry-przyklad-w-ruchu-drogowym\/","url":"https:\/\/fundacjanarowerze.pl\/wspieram\/dawaj-dobry-przyklad-w-ruchu-drogowym\/","name":"Dawaj dobry przyk\u0142ad w ruchu drogowym - Fundacja Na Rowerze","isPartOf":{"@id":"https:\/\/fundacjanarowerze.pl\/#website"},"primaryImageOfPage":{"@id":"https:\/\/fundacjanarowerze.pl\/wspieram\/dawaj-dobry-przyklad-w-ruchu-drogowym\/#primaryimage"},"image":{"@id":"https:\/\/fundacjanarowerze.pl\/wspieram\/dawaj-dobry-przyklad-w-ruchu-drogowym\/#primaryimage"},"thumbnailUrl":"https:\/\/i0.wp.com\/fundacjanarowerze.pl\/wp-content\/uploads\/2023\/05\/pexels-photo-1239291.jpeg?fit=1880%2C1253&ssl=1","datePublished":"2023-05-28T20:03:44+00:00","dateModified":"2023-05-29T08:41:09+00:00","breadcrumb":{"@id":"https:\/\/fundacjanarowerze.pl\/wspieram\/dawaj-dobry-przyklad-w-ruchu-drogowym\/#breadcrumb"},"inLanguage":"uk","potentialAction":[{"@type":"ReadAction","target":["https:\/\/fundacjanarowerze.pl\/wspieram\/dawaj-dobry-przyklad-w-ruchu-drogowym\/"]}]},{"@type":"ImageObject","inLanguage":"uk","@id":"https:\/\/fundacjanarowerze.pl\/wspieram\/dawaj-dobry-przyklad-w-ruchu-drogowym\/#primaryimage","url":"https:\/\/i0.wp.com\/fundacjanarowerze.pl\/wp-content\/uploads\/2023\/05\/pexels-photo-1239291.jpeg?fit=1880%2C1253&ssl=1","contentUrl":"https:\/\/i0.wp.com\/fundacjanarowerze.pl\/wp-content\/uploads\/2023\/05\/pexels-photo-1239291.jpeg?fit=1880%2C1253&ssl=1","width":1880,"height":1253,"caption":"Photo by Daniel Xavier on Pexels.com"},{"@type":"BreadcrumbList","@id":"https:\/\/fundacjanarowerze.pl\/wspieram\/dawaj-dobry-przyklad-w-ruchu-drogowym\/#breadcrumb","itemListElement":[{"@type":"ListItem","position":1,"name":"Strona g\u0142\u00f3wna","item":"https:\/\/fundacjanarowerze.pl\/"},{"@type":"ListItem","position":2,"name":"Wesprzyj nas!","item":"https:\/\/fundacjanarowerze.pl\/wspieram\/"},{"@type":"ListItem","position":3,"name":"Dawaj dobry przyk\u0142ad w ruchu drogowym"}]},{"@type":"WebSite","@id":"https:\/\/fundacjanarowerze.pl\/#website","url":"https:\/\/fundacjanarowerze.pl\/","name":"\u0424\u0443\u043d\u0434\u0430\u0446\u0456\u044f Na Rowerze","description":"Pomagamy rowerzystom zdobywa\u0107 do\u015bwiadczenie w ruchu drogowym","publisher":{"@id":"https:\/\/fundacjanarowerze.pl\/#organization"},"potentialAction":[{"@type":"SearchAction","target":{"@type":"EntryPoint","urlTemplate":"https:\/\/fundacjanarowerze.pl\/?s={search_term_string}"},"query-input":{"@type":"PropertyValueSpecification","valueRequired":true,"valueName":"search_term_string"}}],"inLanguage":"uk"},{"@type":"Organization","@id":"https:\/\/fundacjanarowerze.pl\/#organization","name":"\u0424\u0443\u043d\u0434\u0430\u0446\u0456\u044f Na Rowerze","url":"https:\/\/fundacjanarowerze.pl\/","logo":{"@type":"ImageObject","inLanguage":"uk","@id":"https:\/\/fundacjanarowerze.pl\/#\/schema\/logo\/image\/","url":"https:\/\/i2.wp.com\/fundacjanarowerze.pl\/wp-content\/uploads\/2021\/01\/logo_rower_1080x1080.jpg?fit=1080%2C1080&ssl=1","contentUrl":"https:\/\/i2.wp.com\/fundacjanarowerze.pl\/wp-content\/uploads\/2021\/01\/logo_rower_1080x1080.jpg?fit=1080%2C1080&ssl=1","width":1080,"height":1080,"caption":"Fundacja Na Rowerze"},"image":{"@id":"https:\/\/fundacjanarowerze.pl\/#\/schema\/logo\/image\/"},"sameAs":["https:\/\/www.facebook.com\/fundacjanarowerze","https:\/\/x.com\/fundacjanarower","https:\/\/www.instagram.com\/fundacjanarowerze"]}]}},"jetpack_sharing_enabled":true,"_links":{"self":[{"href":"https:\/\/fundacjanarowerze.pl\/uk\/wp-json\/wp\/v2\/pages\/1364","targetHints":{"allow":["GET"]}}],"collection":[{"href":"https:\/\/fundacjanarowerze.pl\/uk\/wp-json\/wp\/v2\/pages"}],"about":[{"href":"https:\/\/fundacjanarowerze.pl\/uk\/wp-json\/wp\/v2\/types\/page"}],"author":[{"embeddable":true,"href":"https:\/\/fundacjanarowerze.pl\/uk\/wp-json\/wp\/v2\/users\/1"}],"replies":[{"embeddable":true,"href":"https:\/\/fundacjanarowerze.pl\/uk\/wp-json\/wp\/v2\/comments?post=1364"}],"version-history":[{"count":3,"href":"https:\/\/fundacjanarowerze.pl\/uk\/wp-json\/wp\/v2\/pages\/1364\/revisions"}],"predecessor-version":[{"id":1392,"href":"https:\/\/fundacjanarowerze.pl\/uk\/wp-json\/wp\/v2\/pages\/1364\/revisions\/1392"}],"up":[{"embeddable":true,"href":"https:\/\/fundacjanarowerze.pl\/uk\/wp-json\/wp\/v2\/pages\/1373"}],"wp:featuredmedia":[{"embeddable":true,"href":"https:\/\/fundacjanarowerze.pl\/uk\/wp-json\/wp\/v2\/media\/1443"}],"wp:attachment":[{"href":"https:\/\/fundacjanarowerze.pl\/uk\/wp-json\/wp\/v2\/media?parent=1364"}],"curies":[{"name":"wp","href":"https:\/\/api.w.org\/{rel}","templated":true}]}}