{"id":1367,"date":"2023-05-28T21:08:25","date_gmt":"2023-05-28T20:08:25","guid":{"rendered":"https:\/\/fundacjanarowerze.pl\/?page_id=1367"},"modified":"2023-05-29T09:42:49","modified_gmt":"2023-05-29T08:42:49","slug":"badz-naszym-przyjacielem","status":"publish","type":"page","link":"https:\/\/fundacjanarowerze.pl\/uk\/wspieram\/badz-naszym-przyjacielem\/","title":{"rendered":"B\u0105d\u017a naszym Przyjacielem"},"content":{"rendered":"<p>Je\u015bli podoba Ci si\u0119 to co robimy i chcesz, aby jak najwi\u0119cej os\u00f3b dowiedzia\u0142o si\u0119 o naszej misji, mo\u017cesz w bardzo prosty spos\u00f3b nam pom\u00f3c!<\/p>\n\n\n\n<p><strong>Co masz zrobi\u0107?<\/strong><\/p>\n\n\n\n<ul class=\"wp-block-list\">\n<li>Opowiadaj swoim znajomym o naszej Fundacji.<\/li>\n\n\n\n<li>Zach\u0119caj innych do zapoznania si\u0119 z naszymi dzia\u0142aniami.<\/li>\n\n\n\n<li>Lajkuj, komentuj i udost\u0119pniaj dalej w mediach spo\u0142eczno\u015bciowych nasze posty.<\/li>\n<\/ul>\n\n\n\n<p><strong>Co Ty na tym zyskasz?<\/strong> <\/p>\n\n\n\n<p>W\u015br\u00f3d Twoich znajomych z pewno\u015bci\u0105 s\u0105 osoby, kt\u00f3re ch\u0119tnie zaprosz\u0105 nas np. do swojego miejsca pracy aby\u015bmy przeprowadzili <a href=\"https:\/\/fundacjanarowerze.pl\/uk\/wyklady\/\">wyk\u0142ad edukacyjny<\/a>. Po tym spotkaniu edukacyjnym kolejni rowerzy\u015bci oraz kierowcy zrozumiej\u0105 na co zwraca\u0107 wi\u0119ksz\u0105 uwag\u0119 poruszaj\u0105c si\u0119 po drogach. Dzi\u0119ki temu w Twoim otoczeniu b\u0119dzie wi\u0119cej \u015bwiadomych uczestnik\u00f3w ruchu drogowego, a Ty<strong> b\u0119dziesz czu\u0107 si\u0119 bezpieczniej<\/strong> na drodze!<\/p>\n\n\n\n<p>Proste, prawda? Wi\u0119c na co jeszcze czekasz! <strong>Udost\u0119pnij dalej:<\/strong><\/p>\n\n\n\n<ul class=\"wp-block-list\">\n<li>SMS&#8217;em \/ mailem: link do naszej strony internetowej: fundacjanarowerze.pl<\/li>\n\n\n\n<li>Na Facebooku: udost\u0119pnij nasz profil <a href=\"https:\/\/www.facebook.com\/fundacjanarowerze\">@FundacjaNaRowerze<\/a><\/li>\n\n\n\n<li>Na Instagramie: udost\u0119pnij nasz profil <a href=\"https:\/\/www.instagram.com\/fundacjanarowerze\">@FundacjaNaRowerze<\/a><\/li>\n<\/ul>\n\n\n\n<p><strong>Chcesz spr\u00f3bowa\u0107 czego\u015b wi\u0119cej? Mo\u017ce Ambasador?<\/strong><\/p>\n\n\n\n<div class=\"wp-block-buttons is-content-justification-center is-layout-flex wp-container-core-buttons-is-layout-a89b3969 wp-block-buttons-is-layout-flex\">\n<div class=\"wp-block-button\"><a class=\"wp-block-button__link wp-element-button\" href=\"https:\/\/fundacjanarowerze.pl\/uk\/ambasadorzy-fundacji-na-rowerze\/\">Sprawd\u017a ile mo\u017cesz zdzia\u0142a\u0107 jako Ambasador Fundacji Na Rowerze<\/a><\/div>\n<\/div>\n\n\n\n<div style=\"height:100px\" aria-hidden=\"true\" class=\"wp-block-spacer\"><\/div>","protected":false},"excerpt":{"rendered":"<p>Je\u015bli podoba Ci si\u0119 to co robimy i chcesz, aby jak najwi\u0119cej os\u00f3b dowiedzia\u0142o si\u0119 o naszej misji, mo\u017cesz w bardzo prosty spos\u00f3b nam pom\u00f3c! Co masz zrobi\u0107? Co Ty na tym zyskasz? W\u015br\u00f3d Twoich znajomych z pewno\u015bci\u0105 s\u0105 osoby, kt\u00f3re ch\u0119tnie zaprosz\u0105 nas np. do swojego miejsca pracy aby\u015bmy [&hellip;]<\/p>\n","protected":false},"author":1,"featured_media":1444,"parent":1373,"menu_order":0,"comment_status":"closed","ping_status":"closed","template":"","meta":{"footnotes":""},"class_list":["post-1367","page","type-page","status-publish","has-post-thumbnail","hentry"],"yoast_head":"<!-- This site is optimized with the Yoast SEO plugin v27.1.1 - https:\/\/yoast.com\/product\/yoast-seo-wordpress\/ -->\n<title>B\u0105d\u017a naszym Przyjacielem - Fundacja Na Rowerze<\/title>\n<meta name=\"robots\" content=\"index, follow, max-snippet:-1, max-image-preview:large, max-video-preview:-1\" \/>\n<link rel=\"canonical\" href=\"https:\/\/fundacjanarowerze.pl\/uk\/wspieram\/badz-naszym-przyjacielem\/\" \/>\n<meta property=\"og:locale\" content=\"uk_UA\" \/>\n<meta property=\"og:type\" content=\"article\" \/>\n<meta property=\"og:title\" content=\"B\u0105d\u017a naszym Przyjacielem - Fundacja Na Rowerze\" \/>\n<meta property=\"og:description\" content=\"Je\u015bli podoba Ci si\u0119 to co robimy i chcesz, aby jak najwi\u0119cej os\u00f3b dowiedzia\u0142o si\u0119 o naszej misji, mo\u017cesz w bardzo prosty spos\u00f3b nam pom\u00f3c! Co masz zrobi\u0107? Co Ty na tym zyskasz? W\u015br\u00f3d Twoich znajomych z pewno\u015bci\u0105 s\u0105 osoby, kt\u00f3re ch\u0119tnie zaprosz\u0105 nas np. do swojego miejsca pracy aby\u015bmy [&hellip;]\" \/>\n<meta property=\"og:url\" content=\"https:\/\/fundacjanarowerze.pl\/uk\/wspieram\/badz-naszym-przyjacielem\/\" \/>\n<meta property=\"og:site_name\" content=\"Fundacja Na Rowerze\" \/>\n<meta property=\"article:publisher\" content=\"https:\/\/www.facebook.com\/fundacjanarowerze\" \/>\n<meta property=\"article:modified_time\" content=\"2023-05-29T08:42:49+00:00\" \/>\n<meta property=\"og:image\" content=\"https:\/\/i0.wp.com\/fundacjanarowerze.pl\/wp-content\/uploads\/2021\/01\/logo_rower_1080x1080.jpg?fit=1080%2C1080&ssl=1\" \/>\n\t<meta property=\"og:image:width\" content=\"1080\" \/>\n\t<meta property=\"og:image:height\" content=\"1080\" \/>\n\t<meta property=\"og:image:type\" content=\"image\/jpeg\" \/>\n<meta name=\"twitter:card\" content=\"summary_large_image\" \/>\n<meta name=\"twitter:site\" content=\"@fundacjanarower\" \/>\n<meta name=\"twitter:label1\" content=\"\u041f\u0440\u0438\u0431\u043b. \u0447\u0430\u0441 \u0447\u0438\u0442\u0430\u043d\u043d\u044f\" \/>\n\t<meta name=\"twitter:data1\" content=\"1 \u0445\u0432\u0438\u043b\u0438\u043d\u0430\" \/>\n<script type=\"application\/ld+json\" class=\"yoast-schema-graph\">{\"@context\":\"https:\/\/schema.org\",\"@graph\":[{\"@type\":\"WebPage\",\"@id\":\"https:\/\/fundacjanarowerze.pl\/wspieram\/badz-naszym-przyjacielem\/\",\"url\":\"https:\/\/fundacjanarowerze.pl\/wspieram\/badz-naszym-przyjacielem\/\",\"name\":\"B\u0105d\u017a naszym Przyjacielem - Fundacja Na Rowerze\",\"isPartOf\":{\"@id\":\"https:\/\/fundacjanarowerze.pl\/#website\"},\"primaryImageOfPage\":{\"@id\":\"https:\/\/fundacjanarowerze.pl\/wspieram\/badz-naszym-przyjacielem\/#primaryimage\"},\"image\":{\"@id\":\"https:\/\/fundacjanarowerze.pl\/wspieram\/badz-naszym-przyjacielem\/#primaryimage\"},\"thumbnailUrl\":\"https:\/\/i0.wp.com\/fundacjanarowerze.pl\/wp-content\/uploads\/2023\/05\/pexels-photo-2769753.jpeg?fit=1880%2C1058&ssl=1\",\"datePublished\":\"2023-05-28T20:08:25+00:00\",\"dateModified\":\"2023-05-29T08:42:49+00:00\",\"breadcrumb\":{\"@id\":\"https:\/\/fundacjanarowerze.pl\/wspieram\/badz-naszym-przyjacielem\/#breadcrumb\"},\"inLanguage\":\"uk\",\"potentialAction\":[{\"@type\":\"ReadAction\",\"target\":[\"https:\/\/fundacjanarowerze.pl\/wspieram\/badz-naszym-przyjacielem\/\"]}]},{\"@type\":\"ImageObject\",\"inLanguage\":\"uk\",\"@id\":\"https:\/\/fundacjanarowerze.pl\/wspieram\/badz-naszym-przyjacielem\/#primaryimage\",\"url\":\"https:\/\/i0.wp.com\/fundacjanarowerze.pl\/wp-content\/uploads\/2023\/05\/pexels-photo-2769753.jpeg?fit=1880%2C1058&ssl=1\",\"contentUrl\":\"https:\/\/i0.wp.com\/fundacjanarowerze.pl\/wp-content\/uploads\/2023\/05\/pexels-photo-2769753.jpeg?fit=1880%2C1058&ssl=1\",\"width\":1880,\"height\":1058,\"caption\":\"Photo by Nicholas Swatz on Pexels.com\"},{\"@type\":\"BreadcrumbList\",\"@id\":\"https:\/\/fundacjanarowerze.pl\/wspieram\/badz-naszym-przyjacielem\/#breadcrumb\",\"itemListElement\":[{\"@type\":\"ListItem\",\"position\":1,\"name\":\"Strona g\u0142\u00f3wna\",\"item\":\"https:\/\/fundacjanarowerze.pl\/\"},{\"@type\":\"ListItem\",\"position\":2,\"name\":\"Wesprzyj nas!\",\"item\":\"https:\/\/fundacjanarowerze.pl\/wspieram\/\"},{\"@type\":\"ListItem\",\"position\":3,\"name\":\"B\u0105d\u017a naszym Przyjacielem\"}]},{\"@type\":\"WebSite\",\"@id\":\"https:\/\/fundacjanarowerze.pl\/#website\",\"url\":\"https:\/\/fundacjanarowerze.pl\/\",\"name\":\"Fundacja Na Rowerze\",\"description\":\"Pomagamy rowerzystom zdobywa\u0107 do\u015bwiadczenie w ruchu drogowym\",\"publisher\":{\"@id\":\"https:\/\/fundacjanarowerze.pl\/#organization\"},\"potentialAction\":[{\"@type\":\"SearchAction\",\"target\":{\"@type\":\"EntryPoint\",\"urlTemplate\":\"https:\/\/fundacjanarowerze.pl\/?s={search_term_string}\"},\"query-input\":{\"@type\":\"PropertyValueSpecification\",\"valueRequired\":true,\"valueName\":\"search_term_string\"}}],\"inLanguage\":\"uk\"},{\"@type\":\"Organization\",\"@id\":\"https:\/\/fundacjanarowerze.pl\/#organization\",\"name\":\"Fundacja Na Rowerze\",\"url\":\"https:\/\/fundacjanarowerze.pl\/\",\"logo\":{\"@type\":\"ImageObject\",\"inLanguage\":\"uk\",\"@id\":\"https:\/\/fundacjanarowerze.pl\/#\/schema\/logo\/image\/\",\"url\":\"https:\/\/i2.wp.com\/fundacjanarowerze.pl\/wp-content\/uploads\/2021\/01\/logo_rower_1080x1080.jpg?fit=1080%2C1080&ssl=1\",\"contentUrl\":\"https:\/\/i2.wp.com\/fundacjanarowerze.pl\/wp-content\/uploads\/2021\/01\/logo_rower_1080x1080.jpg?fit=1080%2C1080&ssl=1\",\"width\":1080,\"height\":1080,\"caption\":\"Fundacja Na Rowerze\"},\"image\":{\"@id\":\"https:\/\/fundacjanarowerze.pl\/#\/schema\/logo\/image\/\"},\"sameAs\":[\"https:\/\/www.facebook.com\/fundacjanarowerze\",\"https:\/\/x.com\/fundacjanarower\",\"https:\/\/www.instagram.com\/fundacjanarowerze\"]}]}<\/script>\n<!-- \/ Yoast SEO plugin. -->","yoast_head_json":{"title":"B\u0105d\u017a naszym Przyjacielem - Fundacja Na Rowerze","robots":{"index":"index","follow":"follow","max-snippet":"max-snippet:-1","max-image-preview":"max-image-preview:large","max-video-preview":"max-video-preview:-1"},"canonical":"https:\/\/fundacjanarowerze.pl\/uk\/wspieram\/badz-naszym-przyjacielem\/","og_locale":"uk_UA","og_type":"article","og_title":"B\u0105d\u017a naszym Przyjacielem - Fundacja Na Rowerze","og_description":"Je\u015bli podoba Ci si\u0119 to co robimy i chcesz, aby jak najwi\u0119cej os\u00f3b dowiedzia\u0142o si\u0119 o naszej misji, mo\u017cesz w bardzo prosty spos\u00f3b nam pom\u00f3c! Co masz zrobi\u0107? Co Ty na tym zyskasz? W\u015br\u00f3d Twoich znajomych z pewno\u015bci\u0105 s\u0105 osoby, kt\u00f3re ch\u0119tnie zaprosz\u0105 nas np. do swojego miejsca pracy aby\u015bmy [&hellip;]","og_url":"https:\/\/fundacjanarowerze.pl\/uk\/wspieram\/badz-naszym-przyjacielem\/","og_site_name":"Fundacja Na Rowerze","article_publisher":"https:\/\/www.facebook.com\/fundacjanarowerze","article_modified_time":"2023-05-29T08:42:49+00:00","og_image":[{"width":1080,"height":1080,"url":"https:\/\/i0.wp.com\/fundacjanarowerze.pl\/wp-content\/uploads\/2021\/01\/logo_rower_1080x1080.jpg?fit=1080%2C1080&ssl=1","type":"image\/jpeg"}],"twitter_card":"summary_large_image","twitter_site":"@fundacjanarower","twitter_misc":{"\u041f\u0440\u0438\u0431\u043b. \u0447\u0430\u0441 \u0447\u0438\u0442\u0430\u043d\u043d\u044f":"1 \u0445\u0432\u0438\u043b\u0438\u043d\u0430"},"schema":{"@context":"https:\/\/schema.org","@graph":[{"@type":"WebPage","@id":"https:\/\/fundacjanarowerze.pl\/wspieram\/badz-naszym-przyjacielem\/","url":"https:\/\/fundacjanarowerze.pl\/wspieram\/badz-naszym-przyjacielem\/","name":"B\u0105d\u017a naszym Przyjacielem - Fundacja Na Rowerze","isPartOf":{"@id":"https:\/\/fundacjanarowerze.pl\/#website"},"primaryImageOfPage":{"@id":"https:\/\/fundacjanarowerze.pl\/wspieram\/badz-naszym-przyjacielem\/#primaryimage"},"image":{"@id":"https:\/\/fundacjanarowerze.pl\/wspieram\/badz-naszym-przyjacielem\/#primaryimage"},"thumbnailUrl":"https:\/\/i0.wp.com\/fundacjanarowerze.pl\/wp-content\/uploads\/2023\/05\/pexels-photo-2769753.jpeg?fit=1880%2C1058&ssl=1","datePublished":"2023-05-28T20:08:25+00:00","dateModified":"2023-05-29T08:42:49+00:00","breadcrumb":{"@id":"https:\/\/fundacjanarowerze.pl\/wspieram\/badz-naszym-przyjacielem\/#breadcrumb"},"inLanguage":"uk","potentialAction":[{"@type":"ReadAction","target":["https:\/\/fundacjanarowerze.pl\/wspieram\/badz-naszym-przyjacielem\/"]}]},{"@type":"ImageObject","inLanguage":"uk","@id":"https:\/\/fundacjanarowerze.pl\/wspieram\/badz-naszym-przyjacielem\/#primaryimage","url":"https:\/\/i0.wp.com\/fundacjanarowerze.pl\/wp-content\/uploads\/2023\/05\/pexels-photo-2769753.jpeg?fit=1880%2C1058&ssl=1","contentUrl":"https:\/\/i0.wp.com\/fundacjanarowerze.pl\/wp-content\/uploads\/2023\/05\/pexels-photo-2769753.jpeg?fit=1880%2C1058&ssl=1","width":1880,"height":1058,"caption":"Photo by Nicholas Swatz on Pexels.com"},{"@type":"BreadcrumbList","@id":"https:\/\/fundacjanarowerze.pl\/wspieram\/badz-naszym-przyjacielem\/#breadcrumb","itemListElement":[{"@type":"ListItem","position":1,"name":"Strona g\u0142\u00f3wna","item":"https:\/\/fundacjanarowerze.pl\/"},{"@type":"ListItem","position":2,"name":"Wesprzyj nas!","item":"https:\/\/fundacjanarowerze.pl\/wspieram\/"},{"@type":"ListItem","position":3,"name":"B\u0105d\u017a naszym Przyjacielem"}]},{"@type":"WebSite","@id":"https:\/\/fundacjanarowerze.pl\/#website","url":"https:\/\/fundacjanarowerze.pl\/","name":"\u0424\u0443\u043d\u0434\u0430\u0446\u0456\u044f Na Rowerze","description":"Pomagamy rowerzystom zdobywa\u0107 do\u015bwiadczenie w ruchu drogowym","publisher":{"@id":"https:\/\/fundacjanarowerze.pl\/#organization"},"potentialAction":[{"@type":"SearchAction","target":{"@type":"EntryPoint","urlTemplate":"https:\/\/fundacjanarowerze.pl\/?s={search_term_string}"},"query-input":{"@type":"PropertyValueSpecification","valueRequired":true,"valueName":"search_term_string"}}],"inLanguage":"uk"},{"@type":"Organization","@id":"https:\/\/fundacjanarowerze.pl\/#organization","name":"\u0424\u0443\u043d\u0434\u0430\u0446\u0456\u044f Na Rowerze","url":"https:\/\/fundacjanarowerze.pl\/","logo":{"@type":"ImageObject","inLanguage":"uk","@id":"https:\/\/fundacjanarowerze.pl\/#\/schema\/logo\/image\/","url":"https:\/\/i2.wp.com\/fundacjanarowerze.pl\/wp-content\/uploads\/2021\/01\/logo_rower_1080x1080.jpg?fit=1080%2C1080&ssl=1","contentUrl":"https:\/\/i2.wp.com\/fundacjanarowerze.pl\/wp-content\/uploads\/2021\/01\/logo_rower_1080x1080.jpg?fit=1080%2C1080&ssl=1","width":1080,"height":1080,"caption":"Fundacja Na Rowerze"},"image":{"@id":"https:\/\/fundacjanarowerze.pl\/#\/schema\/logo\/image\/"},"sameAs":["https:\/\/www.facebook.com\/fundacjanarowerze","https:\/\/x.com\/fundacjanarower","https:\/\/www.instagram.com\/fundacjanarowerze"]}]}},"jetpack_sharing_enabled":true,"_links":{"self":[{"href":"https:\/\/fundacjanarowerze.pl\/uk\/wp-json\/wp\/v2\/pages\/1367","targetHints":{"allow":["GET"]}}],"collection":[{"href":"https:\/\/fundacjanarowerze.pl\/uk\/wp-json\/wp\/v2\/pages"}],"about":[{"href":"https:\/\/fundacjanarowerze.pl\/uk\/wp-json\/wp\/v2\/types\/page"}],"author":[{"embeddable":true,"href":"https:\/\/fundacjanarowerze.pl\/uk\/wp-json\/wp\/v2\/users\/1"}],"replies":[{"embeddable":true,"href":"https:\/\/fundacjanarowerze.pl\/uk\/wp-json\/wp\/v2\/comments?post=1367"}],"version-history":[{"count":2,"href":"https:\/\/fundacjanarowerze.pl\/uk\/wp-json\/wp\/v2\/pages\/1367\/revisions"}],"predecessor-version":[{"id":1394,"href":"https:\/\/fundacjanarowerze.pl\/uk\/wp-json\/wp\/v2\/pages\/1367\/revisions\/1394"}],"up":[{"embeddable":true,"href":"https:\/\/fundacjanarowerze.pl\/uk\/wp-json\/wp\/v2\/pages\/1373"}],"wp:featuredmedia":[{"embeddable":true,"href":"https:\/\/fundacjanarowerze.pl\/uk\/wp-json\/wp\/v2\/media\/1444"}],"wp:attachment":[{"href":"https:\/\/fundacjanarowerze.pl\/uk\/wp-json\/wp\/v2\/media?parent=1367"}],"curies":[{"name":"wp","href":"https:\/\/api.w.org\/{rel}","templated":true}]}}