{"id":1369,"date":"2023-05-28T21:12:01","date_gmt":"2023-05-28T20:12:01","guid":{"rendered":"https:\/\/fundacjanarowerze.pl\/?page_id=1369"},"modified":"2023-05-29T09:44:44","modified_gmt":"2023-05-29T08:44:44","slug":"ambasador","status":"publish","type":"page","link":"https:\/\/fundacjanarowerze.pl\/uk\/wspieram\/ambasador\/","title":{"rendered":"Ambasadorzy Fundacji Na Rowerze"},"content":{"rendered":"\n<p><strong>Ambasador<\/strong>&#8230; To brzmi dumnie! Sprawd\u017a, czy to co\u015b dla Ciebie:<\/p>\n\n\n\n<ul class=\"wp-block-list\">\n<li>Jeste\u015b aktywny\/a w swojej lokalnej spo\u0142eczno\u015bci?<\/li>\n\n\n\n<li>Chcesz promowa\u0107 bezpiecze\u0144stwo rowerzyst\u00f3w? <\/li>\n\n\n\n<li>Organizujesz wycieczki rowerowe albo treningi kolarskie?<\/li>\n\n\n\n<li>Zale\u017cy Ci na bezpiecznych wyprawach rowerowych?<\/li>\n\n\n\n<li>Masz swoje pomys\u0142y jak mo\u017cemy razem budowa\u0107 kultur\u0119 rowerow\u0105? <\/li>\n<\/ul>\n\n\n\n<p>Ka\u017cdy z tych powod\u00f3w jest dobry aby zosta\u0107 naszym Ambasadorem.<\/p>\n\n\n\n<p><strong>Co zyskasz b\u0119d\u0105c Ambasadorem?<\/strong><\/p>\n\n\n\n<ul class=\"wp-block-list\">\n<li>dost\u0119p do aktualnej wiedzy z zakresu bezpiecze\u0144stwa ruchu drogowego,<\/li>\n\n\n\n<li>mo\u017cliwo\u015b\u0107 konsultacji przepis\u00f3w ruchu drogowego,<\/li>\n\n\n\n<li>szans\u0119 na realizacj\u0119 projekt\u00f3w spo\u0142ecznych,<\/li>\n\n\n\n<li>zaufanie u potencjalnych Partner\u00f3w w przysz\u0142o\u015bci,<\/li>\n\n\n\n<li>wiarygodno\u015b\u0107,<\/li>\n\n\n\n<li>uznanie,<\/li>\n\n\n\n<li>rozpoznawalno\u015b\u0107,<\/li>\n\n\n\n<li>poczucie sprawczo\u015bci i zmiany otoczenia.<\/li>\n<\/ul>\n\n\n\n<p>Do\u0142\u0105czaj\u0105c do grona Ambasador\u00f3w Fundacji Na Rowerze mo\u017cesz liczy\u0107 tak\u017ce na promocj\u0119 Twojej osoby. Poni\u017cej tej strony b\u0119dziemy z dum\u0105 prezentowa\u0107 naszych Ambasador\u00f3w!<\/p>\n\n\n\n<div class=\"wp-block-buttons is-content-justification-center is-layout-flex wp-container-core-buttons-is-layout-a89b3969 wp-block-buttons-is-layout-flex\">\n<div class=\"wp-block-button\"><a class=\"wp-block-button__link wp-element-button\" href=\"https:\/\/fundacjanarowerze.pl\/wspieram\/wolontariat\/\">A mo\u017ce Wolontariat&#8230; Sprawd\u017a co mo\u017cesz zyska\u0107!<\/a><\/div>\n<\/div>\n\n\n\n<div style=\"height:50px\" aria-hidden=\"true\" class=\"wp-block-spacer\"><\/div>\n\n\n<div class=\"wpforms-container wpforms-container-full wpforms-block wpforms-block-df58ce4a-ac32-4a69-88df-8b1be103cca0\" id=\"wpforms-1414\"><form id=\"wpforms-form-1414\" class=\"wpforms-validate wpforms-form wpforms-ajax-form\" data-formid=\"1414\" method=\"post\" enctype=\"multipart\/form-data\" action=\"\/uk\/wp-json\/wp\/v2\/pages\/1369\" data-token=\"a67f42fc450b03ce694db773c995820e\" data-token-time=\"1776310897\"><div class=\"wpforms-head-container\"><div class=\"wpforms-title\">Zg\u0142oszenie na Ambasadora<\/div><div class=\"wpforms-description\">Wype\u0142niaj\u0105c ten formularz zg\u0142aszasz swoj\u0105 ch\u0119\u0107 przyst\u0105pienia do grona Ambasador\u00f3w Fundacji Na Rowerze<\/div><\/div><noscript class=\"wpforms-error-noscript\">\u0414\u043b\u044f \u0437\u0430\u043f\u043e\u0432\u043d\u0435\u043d\u043d\u044f \u0446\u0456\u0454\u0457 \u0444\u043e\u0440\u043c\u0438 \u0443\u0432\u0456\u043c\u043a\u043d\u0456\u0442\u044c JavaScript \u0443 \u0431\u0440\u0430\u0443\u0437\u0435\u0440\u0456.<\/noscript><div class=\"wpforms-field-container\"><div id=\"wpforms-1414-field_0-container\" class=\"wpforms-field wpforms-field-name wpforms-one-half wpforms-first\" data-field-id=\"0\"><label class=\"wpforms-field-label\" for=\"wpforms-1414-field_0\">Imi\u0119 i nazwisko <span class=\"wpforms-required-label\">*<\/span><\/label><input type=\"text\" id=\"wpforms-1414-field_0\" class=\"wpforms-field-large wpforms-field-required\" name=\"wpforms[fields][0]\" placeholder=\"Twoje dane\" required><\/div><div id=\"wpforms-1414-field_1-container\" class=\"wpforms-field wpforms-field-email wpforms-one-half\" data-field-id=\"1\"><label class=\"wpforms-field-label\" for=\"wpforms-1414-field_1\">Email <span class=\"wpforms-required-label\">*<\/span><\/label><input type=\"email\" id=\"wpforms-1414-field_1\" class=\"wpforms-field-medium wpforms-field-required\" name=\"wpforms[fields][1]\" placeholder=\"Tw\u00f3j email\" spellcheck=\"false\" required><\/div><div id=\"wpforms-1414-field_15-container\" class=\"wpforms-field wpforms-field-text\" data-field-id=\"15\"><label class=\"wpforms-field-label\" for=\"wpforms-1414-field_15\">Telefon kontaktowy<\/label><input type=\"text\" id=\"wpforms-1414-field_15\" class=\"wpforms-field-small wpforms-masked-input\" data-rule-inputmask-incomplete=\"1\" data-inputmask-mask=\"999999999\" name=\"wpforms[fields][15]\" placeholder=\"np. 501200300\" ><\/div><div id=\"wpforms-1414-field_2-container\" class=\"wpforms-field wpforms-field-textarea\" data-field-id=\"2\"><label class=\"wpforms-field-label\" for=\"wpforms-1414-field_2\">Szczeg\u00f3\u0142y <span class=\"wpforms-required-label\">*<\/span><\/label><textarea id=\"wpforms-1414-field_2\" class=\"wpforms-field-medium wpforms-field-required\" name=\"wpforms[fields][2]\" required><\/textarea><div class=\"wpforms-field-description\">Uzasadnij, dlaczego chcesz zosta\u0107 naszym Ambasadorem. Jak\u0105 warto\u015b\u0107 mo\u017cesz wnie\u015b\u0107 w nasz\u0105 organizacj\u0119 i jak mo\u017cesz przyczyni\u0107 si\u0119 do poprawy bezpiecze\u0144stwa rowerzyst\u00f3w na drogach? Co Ci\u0119 motywuje do tego, \u017ce chcesz zosta\u0107 Ambasadorem?\r\nJe\u015bli dzia\u0142asz w mediach spo\u0142eczno\u015bciowych, podaj linki do swojego profilu (Facebook, Instagram).<\/div><\/div><\/div><!-- .wpforms-field-container --><div class=\"wpforms-recaptcha-container wpforms-is-turnstile\" ><div class=\"wpforms-turnstile\" data-sitekey=\"0x4AAAAAAAG4SHcWfgcQwi-j\" data-action=\"FormID-1414\"><\/div><input type=\"text\" name=\"g-recaptcha-hidden\" class=\"wpforms-recaptcha-hidden\" style=\"position:absolute!important;clip:rect(0,0,0,0)!important;height:1px!important;width:1px!important;border:0!important;overflow:hidden!important;padding:0!important;margin:0!important;\" data-rule-turnstile=\"1\"><\/div><div class=\"wpforms-submit-container\" ><input type=\"hidden\" name=\"wpforms[id]\" value=\"1414\"><input type=\"hidden\" name=\"page_title\" value=\"\"><input type=\"hidden\" name=\"page_url\" value=\"https:\/\/fundacjanarowerze.pl\/uk\/wp-json\/wp\/v2\/pages\/1369\"><input type=\"hidden\" name=\"url_referer\" value=\"\"><button type=\"submit\" name=\"wpforms[submit]\" id=\"wpforms-submit-1414\" class=\"wpforms-submit\" data-alt-text=\"Wysy\u0142am...\" data-submit-text=\"Wy\u015blij\" aria-live=\"assertive\" value=\"wpforms-submit\">Wy\u015blij<\/button><img loading=\"lazy\" decoding=\"async\" src=\"https:\/\/fundacjanarowerze.pl\/wp-content\/plugins\/wpforms-lite\/assets\/images\/submit-spin.svg\" class=\"wpforms-submit-spinner\" style=\"display: none;\" width=\"26\" height=\"26\" alt=\"\u0417\u0430\u0432\u0430\u043d\u0442\u0430\u0436\u0435\u043d\u043d\u044f\"><\/div><\/form><\/div>  <!-- .wpforms-container -->\n\n\n<hr class=\"wp-block-separator has-alpha-channel-opacity\"\/>\n\n\n\n<h2 class=\"wp-block-heading\">Poznaj naszych Ambasador\u00f3w<\/h2>\n\n\n\n<p>Ta sekcja jeszcze jest pusta &#8211; do\u0142\u0105cz do grona Ambasador\u00f3w Fundacji Na Rowerze jako pierwszy\/a!<\/p>\n\n\n\n<div style=\"height:100px\" aria-hidden=\"true\" class=\"wp-block-spacer\"><\/div>\n","protected":false},"excerpt":{"rendered":"<p>Ambasador&#8230; To brzmi dumnie! Sprawd\u017a, czy to co\u015b dla Ciebie: Ka\u017cdy z tych powod\u00f3w jest dobry aby zosta\u0107 naszym Ambasadorem. Co zyskasz b\u0119d\u0105c Ambasadorem? Do\u0142\u0105czaj\u0105c do grona Ambasador\u00f3w Fundacji Na Rowerze mo\u017cesz liczy\u0107 tak\u017ce na promocj\u0119 Twojej osoby. Poni\u017cej tej strony b\u0119dziemy z dum\u0105 prezentowa\u0107 naszych Ambasador\u00f3w! Poznaj naszych Ambasador\u00f3w [&hellip;]<\/p>\n","protected":false},"author":1,"featured_media":1446,"parent":1373,"menu_order":0,"comment_status":"closed","ping_status":"closed","template":"","meta":{"footnotes":""},"class_list":["post-1369","page","type-page","status-publish","has-post-thumbnail","hentry"],"yoast_head":"<!-- This site is optimized with the Yoast SEO plugin v27.1.1 - https:\/\/yoast.com\/product\/yoast-seo-wordpress\/ -->\n<title>Ambasadorzy Fundacji Na Rowerze - Fundacja Na Rowerze<\/title>\n<meta name=\"robots\" content=\"index, follow, max-snippet:-1, max-image-preview:large, max-video-preview:-1\" \/>\n<link rel=\"canonical\" href=\"https:\/\/fundacjanarowerze.pl\/uk\/wspieram\/ambasador\/\" \/>\n<meta property=\"og:locale\" content=\"uk_UA\" \/>\n<meta property=\"og:type\" content=\"article\" \/>\n<meta property=\"og:title\" content=\"Ambasadorzy Fundacji Na Rowerze - Fundacja Na Rowerze\" \/>\n<meta property=\"og:description\" content=\"Ambasador&#8230; To brzmi dumnie! Sprawd\u017a, czy to co\u015b dla Ciebie: Ka\u017cdy z tych powod\u00f3w jest dobry aby zosta\u0107 naszym Ambasadorem. Co zyskasz b\u0119d\u0105c Ambasadorem? Do\u0142\u0105czaj\u0105c do grona Ambasador\u00f3w Fundacji Na Rowerze mo\u017cesz liczy\u0107 tak\u017ce na promocj\u0119 Twojej osoby. Poni\u017cej tej strony b\u0119dziemy z dum\u0105 prezentowa\u0107 naszych Ambasador\u00f3w! Poznaj naszych Ambasador\u00f3w [&hellip;]\" \/>\n<meta property=\"og:url\" content=\"https:\/\/fundacjanarowerze.pl\/uk\/wspieram\/ambasador\/\" \/>\n<meta property=\"og:site_name\" content=\"Fundacja Na Rowerze\" \/>\n<meta property=\"article:publisher\" content=\"https:\/\/www.facebook.com\/fundacjanarowerze\" \/>\n<meta property=\"article:modified_time\" content=\"2023-05-29T08:44:44+00:00\" \/>\n<meta property=\"og:image\" content=\"https:\/\/i0.wp.com\/fundacjanarowerze.pl\/wp-content\/uploads\/2021\/01\/logo_rower_1080x1080.jpg?fit=1080%2C1080&ssl=1\" \/>\n\t<meta property=\"og:image:width\" content=\"1080\" \/>\n\t<meta property=\"og:image:height\" content=\"1080\" \/>\n\t<meta property=\"og:image:type\" content=\"image\/jpeg\" \/>\n<meta name=\"twitter:card\" content=\"summary_large_image\" \/>\n<meta name=\"twitter:site\" content=\"@fundacjanarower\" \/>\n<meta name=\"twitter:label1\" content=\"\u041f\u0440\u0438\u0431\u043b. \u0447\u0430\u0441 \u0447\u0438\u0442\u0430\u043d\u043d\u044f\" \/>\n\t<meta name=\"twitter:data1\" content=\"1 \u0445\u0432\u0438\u043b\u0438\u043d\u0430\" \/>\n<script type=\"application\/ld+json\" class=\"yoast-schema-graph\">{\"@context\":\"https:\/\/schema.org\",\"@graph\":[{\"@type\":\"WebPage\",\"@id\":\"https:\/\/fundacjanarowerze.pl\/wspieram\/ambasador\/\",\"url\":\"https:\/\/fundacjanarowerze.pl\/wspieram\/ambasador\/\",\"name\":\"Ambasadorzy Fundacji Na Rowerze - Fundacja Na Rowerze\",\"isPartOf\":{\"@id\":\"https:\/\/fundacjanarowerze.pl\/#website\"},\"primaryImageOfPage\":{\"@id\":\"https:\/\/fundacjanarowerze.pl\/wspieram\/ambasador\/#primaryimage\"},\"image\":{\"@id\":\"https:\/\/fundacjanarowerze.pl\/wspieram\/ambasador\/#primaryimage\"},\"thumbnailUrl\":\"https:\/\/i0.wp.com\/fundacjanarowerze.pl\/wp-content\/uploads\/2023\/05\/pexels-photo-1843752.jpeg?fit=1880%2C1253&ssl=1\",\"datePublished\":\"2023-05-28T20:12:01+00:00\",\"dateModified\":\"2023-05-29T08:44:44+00:00\",\"breadcrumb\":{\"@id\":\"https:\/\/fundacjanarowerze.pl\/wspieram\/ambasador\/#breadcrumb\"},\"inLanguage\":\"uk\",\"potentialAction\":[{\"@type\":\"ReadAction\",\"target\":[\"https:\/\/fundacjanarowerze.pl\/wspieram\/ambasador\/\"]}]},{\"@type\":\"ImageObject\",\"inLanguage\":\"uk\",\"@id\":\"https:\/\/fundacjanarowerze.pl\/wspieram\/ambasador\/#primaryimage\",\"url\":\"https:\/\/i0.wp.com\/fundacjanarowerze.pl\/wp-content\/uploads\/2023\/05\/pexels-photo-1843752.jpeg?fit=1880%2C1253&ssl=1\",\"contentUrl\":\"https:\/\/i0.wp.com\/fundacjanarowerze.pl\/wp-content\/uploads\/2023\/05\/pexels-photo-1843752.jpeg?fit=1880%2C1253&ssl=1\",\"width\":1880,\"height\":1253,\"caption\":\"Photo by Andrea Piacquadio on Pexels.com\"},{\"@type\":\"BreadcrumbList\",\"@id\":\"https:\/\/fundacjanarowerze.pl\/wspieram\/ambasador\/#breadcrumb\",\"itemListElement\":[{\"@type\":\"ListItem\",\"position\":1,\"name\":\"Strona g\u0142\u00f3wna\",\"item\":\"https:\/\/fundacjanarowerze.pl\/\"},{\"@type\":\"ListItem\",\"position\":2,\"name\":\"Wesprzyj nas!\",\"item\":\"https:\/\/fundacjanarowerze.pl\/wspieram\/\"},{\"@type\":\"ListItem\",\"position\":3,\"name\":\"Ambasadorzy Fundacji Na Rowerze\"}]},{\"@type\":\"WebSite\",\"@id\":\"https:\/\/fundacjanarowerze.pl\/#website\",\"url\":\"https:\/\/fundacjanarowerze.pl\/\",\"name\":\"Fundacja Na Rowerze\",\"description\":\"Pomagamy rowerzystom zdobywa\u0107 do\u015bwiadczenie w ruchu drogowym\",\"publisher\":{\"@id\":\"https:\/\/fundacjanarowerze.pl\/#organization\"},\"potentialAction\":[{\"@type\":\"SearchAction\",\"target\":{\"@type\":\"EntryPoint\",\"urlTemplate\":\"https:\/\/fundacjanarowerze.pl\/?s={search_term_string}\"},\"query-input\":{\"@type\":\"PropertyValueSpecification\",\"valueRequired\":true,\"valueName\":\"search_term_string\"}}],\"inLanguage\":\"uk\"},{\"@type\":\"Organization\",\"@id\":\"https:\/\/fundacjanarowerze.pl\/#organization\",\"name\":\"Fundacja Na Rowerze\",\"url\":\"https:\/\/fundacjanarowerze.pl\/\",\"logo\":{\"@type\":\"ImageObject\",\"inLanguage\":\"uk\",\"@id\":\"https:\/\/fundacjanarowerze.pl\/#\/schema\/logo\/image\/\",\"url\":\"https:\/\/i2.wp.com\/fundacjanarowerze.pl\/wp-content\/uploads\/2021\/01\/logo_rower_1080x1080.jpg?fit=1080%2C1080&ssl=1\",\"contentUrl\":\"https:\/\/i2.wp.com\/fundacjanarowerze.pl\/wp-content\/uploads\/2021\/01\/logo_rower_1080x1080.jpg?fit=1080%2C1080&ssl=1\",\"width\":1080,\"height\":1080,\"caption\":\"Fundacja Na Rowerze\"},\"image\":{\"@id\":\"https:\/\/fundacjanarowerze.pl\/#\/schema\/logo\/image\/\"},\"sameAs\":[\"https:\/\/www.facebook.com\/fundacjanarowerze\",\"https:\/\/x.com\/fundacjanarower\",\"https:\/\/www.instagram.com\/fundacjanarowerze\"]}]}<\/script>\n<!-- \/ Yoast SEO plugin. -->","yoast_head_json":{"title":"Ambasadorzy Fundacji Na Rowerze - Fundacja Na Rowerze","robots":{"index":"index","follow":"follow","max-snippet":"max-snippet:-1","max-image-preview":"max-image-preview:large","max-video-preview":"max-video-preview:-1"},"canonical":"https:\/\/fundacjanarowerze.pl\/uk\/wspieram\/ambasador\/","og_locale":"uk_UA","og_type":"article","og_title":"Ambasadorzy Fundacji Na Rowerze - Fundacja Na Rowerze","og_description":"Ambasador&#8230; To brzmi dumnie! Sprawd\u017a, czy to co\u015b dla Ciebie: Ka\u017cdy z tych powod\u00f3w jest dobry aby zosta\u0107 naszym Ambasadorem. Co zyskasz b\u0119d\u0105c Ambasadorem? Do\u0142\u0105czaj\u0105c do grona Ambasador\u00f3w Fundacji Na Rowerze mo\u017cesz liczy\u0107 tak\u017ce na promocj\u0119 Twojej osoby. Poni\u017cej tej strony b\u0119dziemy z dum\u0105 prezentowa\u0107 naszych Ambasador\u00f3w! Poznaj naszych Ambasador\u00f3w [&hellip;]","og_url":"https:\/\/fundacjanarowerze.pl\/uk\/wspieram\/ambasador\/","og_site_name":"Fundacja Na Rowerze","article_publisher":"https:\/\/www.facebook.com\/fundacjanarowerze","article_modified_time":"2023-05-29T08:44:44+00:00","og_image":[{"width":1080,"height":1080,"url":"https:\/\/i0.wp.com\/fundacjanarowerze.pl\/wp-content\/uploads\/2021\/01\/logo_rower_1080x1080.jpg?fit=1080%2C1080&ssl=1","type":"image\/jpeg"}],"twitter_card":"summary_large_image","twitter_site":"@fundacjanarower","twitter_misc":{"\u041f\u0440\u0438\u0431\u043b. \u0447\u0430\u0441 \u0447\u0438\u0442\u0430\u043d\u043d\u044f":"1 \u0445\u0432\u0438\u043b\u0438\u043d\u0430"},"schema":{"@context":"https:\/\/schema.org","@graph":[{"@type":"WebPage","@id":"https:\/\/fundacjanarowerze.pl\/wspieram\/ambasador\/","url":"https:\/\/fundacjanarowerze.pl\/wspieram\/ambasador\/","name":"Ambasadorzy Fundacji Na Rowerze - Fundacja Na Rowerze","isPartOf":{"@id":"https:\/\/fundacjanarowerze.pl\/#website"},"primaryImageOfPage":{"@id":"https:\/\/fundacjanarowerze.pl\/wspieram\/ambasador\/#primaryimage"},"image":{"@id":"https:\/\/fundacjanarowerze.pl\/wspieram\/ambasador\/#primaryimage"},"thumbnailUrl":"https:\/\/i0.wp.com\/fundacjanarowerze.pl\/wp-content\/uploads\/2023\/05\/pexels-photo-1843752.jpeg?fit=1880%2C1253&ssl=1","datePublished":"2023-05-28T20:12:01+00:00","dateModified":"2023-05-29T08:44:44+00:00","breadcrumb":{"@id":"https:\/\/fundacjanarowerze.pl\/wspieram\/ambasador\/#breadcrumb"},"inLanguage":"uk","potentialAction":[{"@type":"ReadAction","target":["https:\/\/fundacjanarowerze.pl\/wspieram\/ambasador\/"]}]},{"@type":"ImageObject","inLanguage":"uk","@id":"https:\/\/fundacjanarowerze.pl\/wspieram\/ambasador\/#primaryimage","url":"https:\/\/i0.wp.com\/fundacjanarowerze.pl\/wp-content\/uploads\/2023\/05\/pexels-photo-1843752.jpeg?fit=1880%2C1253&ssl=1","contentUrl":"https:\/\/i0.wp.com\/fundacjanarowerze.pl\/wp-content\/uploads\/2023\/05\/pexels-photo-1843752.jpeg?fit=1880%2C1253&ssl=1","width":1880,"height":1253,"caption":"Photo by Andrea Piacquadio on Pexels.com"},{"@type":"BreadcrumbList","@id":"https:\/\/fundacjanarowerze.pl\/wspieram\/ambasador\/#breadcrumb","itemListElement":[{"@type":"ListItem","position":1,"name":"Strona g\u0142\u00f3wna","item":"https:\/\/fundacjanarowerze.pl\/"},{"@type":"ListItem","position":2,"name":"Wesprzyj nas!","item":"https:\/\/fundacjanarowerze.pl\/wspieram\/"},{"@type":"ListItem","position":3,"name":"Ambasadorzy Fundacji Na Rowerze"}]},{"@type":"WebSite","@id":"https:\/\/fundacjanarowerze.pl\/#website","url":"https:\/\/fundacjanarowerze.pl\/","name":"\u0424\u0443\u043d\u0434\u0430\u0446\u0456\u044f Na Rowerze","description":"Pomagamy rowerzystom zdobywa\u0107 do\u015bwiadczenie w ruchu drogowym","publisher":{"@id":"https:\/\/fundacjanarowerze.pl\/#organization"},"potentialAction":[{"@type":"SearchAction","target":{"@type":"EntryPoint","urlTemplate":"https:\/\/fundacjanarowerze.pl\/?s={search_term_string}"},"query-input":{"@type":"PropertyValueSpecification","valueRequired":true,"valueName":"search_term_string"}}],"inLanguage":"uk"},{"@type":"Organization","@id":"https:\/\/fundacjanarowerze.pl\/#organization","name":"\u0424\u0443\u043d\u0434\u0430\u0446\u0456\u044f Na Rowerze","url":"https:\/\/fundacjanarowerze.pl\/","logo":{"@type":"ImageObject","inLanguage":"uk","@id":"https:\/\/fundacjanarowerze.pl\/#\/schema\/logo\/image\/","url":"https:\/\/i2.wp.com\/fundacjanarowerze.pl\/wp-content\/uploads\/2021\/01\/logo_rower_1080x1080.jpg?fit=1080%2C1080&ssl=1","contentUrl":"https:\/\/i2.wp.com\/fundacjanarowerze.pl\/wp-content\/uploads\/2021\/01\/logo_rower_1080x1080.jpg?fit=1080%2C1080&ssl=1","width":1080,"height":1080,"caption":"Fundacja Na Rowerze"},"image":{"@id":"https:\/\/fundacjanarowerze.pl\/#\/schema\/logo\/image\/"},"sameAs":["https:\/\/www.facebook.com\/fundacjanarowerze","https:\/\/x.com\/fundacjanarower","https:\/\/www.instagram.com\/fundacjanarowerze"]}]}},"jetpack_sharing_enabled":true,"_links":{"self":[{"href":"https:\/\/fundacjanarowerze.pl\/uk\/wp-json\/wp\/v2\/pages\/1369","targetHints":{"allow":["GET"]}}],"collection":[{"href":"https:\/\/fundacjanarowerze.pl\/uk\/wp-json\/wp\/v2\/pages"}],"about":[{"href":"https:\/\/fundacjanarowerze.pl\/uk\/wp-json\/wp\/v2\/types\/page"}],"author":[{"embeddable":true,"href":"https:\/\/fundacjanarowerze.pl\/uk\/wp-json\/wp\/v2\/users\/1"}],"replies":[{"embeddable":true,"href":"https:\/\/fundacjanarowerze.pl\/uk\/wp-json\/wp\/v2\/comments?post=1369"}],"version-history":[{"count":8,"href":"https:\/\/fundacjanarowerze.pl\/uk\/wp-json\/wp\/v2\/pages\/1369\/revisions"}],"predecessor-version":[{"id":1447,"href":"https:\/\/fundacjanarowerze.pl\/uk\/wp-json\/wp\/v2\/pages\/1369\/revisions\/1447"}],"up":[{"embeddable":true,"href":"https:\/\/fundacjanarowerze.pl\/uk\/wp-json\/wp\/v2\/pages\/1373"}],"wp:featuredmedia":[{"embeddable":true,"href":"https:\/\/fundacjanarowerze.pl\/uk\/wp-json\/wp\/v2\/media\/1446"}],"wp:attachment":[{"href":"https:\/\/fundacjanarowerze.pl\/uk\/wp-json\/wp\/v2\/media?parent=1369"}],"curies":[{"name":"wp","href":"https:\/\/api.w.org\/{rel}","templated":true}]}}