{"id":1406,"date":"2023-05-28T22:42:08","date_gmt":"2023-05-28T21:42:08","guid":{"rendered":"https:\/\/fundacjanarowerze.pl\/?page_id=1406"},"modified":"2023-05-28T22:46:47","modified_gmt":"2023-05-28T21:46:47","slug":"patronat","status":"publish","type":"page","link":"https:\/\/fundacjanarowerze.pl\/uk\/wspieram\/patronat\/","title":{"rendered":"Patronat"},"content":{"rendered":"<p>Jeste\u015bmy w trakcie przygotowywania oferty dla Patron\u00f3w. Je\u015bli jeste\u015b zainteresowany\/a tak\u0105 form\u0105 wsparcia i wsp\u00f3\u0142pracy, wr\u00f3\u0107 na t\u0119 stron\u0119 za kilka dni. Mo\u017cesz tak\u017ce zapisa\u0107 si\u0119 do naszego <a href=\"https:\/\/fundacjanarowerze.pl\/uk\/newsletter\/\">newslettera<\/a>, aby nie przegapi\u0107 aktualnych informacji.<\/p>\n\n\n\n<p>Obecnie mo\u017cemy Ci zaproponowa\u0107 <a href=\"https:\/\/fundacjanarowerze.pl\/uk\/wspieram\/\">inne formy wsp\u00f3lnych dzia\u0142a\u0144<\/a> a tak\u017ce mo\u017cliwo\u015b\u0107 przekazania <a href=\"https:\/\/fundacjanarowerze.pl\/uk\/darowizna\/\">darowizny<\/a>.<\/p>\n\n\n\n<div style=\"height:100px\" aria-hidden=\"true\" class=\"wp-block-spacer\"><\/div>","protected":false},"excerpt":{"rendered":"<p>Jeste\u015bmy w trakcie przygotowywania oferty dla Patron\u00f3w. Je\u015bli jeste\u015b zainteresowany\/a tak\u0105 form\u0105 wsparcia i wsp\u00f3\u0142pracy, wr\u00f3\u0107 na t\u0119 stron\u0119 za kilka dni. Mo\u017cesz tak\u017ce zapisa\u0107 si\u0119 do naszego newslettera, aby nie przegapi\u0107 aktualnych informacji. Obecnie mo\u017cemy Ci zaproponowa\u0107 inne formy wsp\u00f3lnych dzia\u0142a\u0144 a tak\u017ce mo\u017cliwo\u015b\u0107 przekazania darowizny.<\/p>","protected":false},"author":1,"featured_media":0,"parent":1373,"menu_order":0,"comment_status":"closed","ping_status":"closed","template":"","meta":{"footnotes":""},"class_list":["post-1406","page","type-page","status-publish","hentry"],"yoast_head":"<!-- This site is optimized with the Yoast SEO plugin v27.1.1 - https:\/\/yoast.com\/product\/yoast-seo-wordpress\/ -->\n<title>Patronat - Fundacja Na Rowerze<\/title>\n<meta name=\"robots\" content=\"index, follow, max-snippet:-1, max-image-preview:large, max-video-preview:-1\" \/>\n<link rel=\"canonical\" href=\"https:\/\/fundacjanarowerze.pl\/uk\/wspieram\/patronat\/\" \/>\n<meta property=\"og:locale\" content=\"uk_UA\" \/>\n<meta property=\"og:type\" content=\"article\" \/>\n<meta property=\"og:title\" content=\"Patronat - Fundacja Na Rowerze\" \/>\n<meta property=\"og:description\" content=\"Jeste\u015bmy w trakcie przygotowywania oferty dla Patron\u00f3w. Je\u015bli jeste\u015b zainteresowany\/a tak\u0105 form\u0105 wsparcia i wsp\u00f3\u0142pracy, wr\u00f3\u0107 na t\u0119 stron\u0119 za kilka dni. Mo\u017cesz tak\u017ce zapisa\u0107 si\u0119 do naszego newslettera, aby nie przegapi\u0107 aktualnych informacji. Obecnie mo\u017cemy Ci zaproponowa\u0107 inne formy wsp\u00f3lnych dzia\u0142a\u0144 a tak\u017ce mo\u017cliwo\u015b\u0107 przekazania darowizny.\" \/>\n<meta property=\"og:url\" content=\"https:\/\/fundacjanarowerze.pl\/uk\/wspieram\/patronat\/\" \/>\n<meta property=\"og:site_name\" content=\"Fundacja Na Rowerze\" \/>\n<meta property=\"article:publisher\" content=\"https:\/\/www.facebook.com\/fundacjanarowerze\" \/>\n<meta property=\"article:modified_time\" content=\"2023-05-28T21:46:47+00:00\" \/>\n<meta property=\"og:image\" content=\"https:\/\/i0.wp.com\/fundacjanarowerze.pl\/wp-content\/uploads\/2021\/01\/logo_rower_1080x1080.jpg?fit=1080%2C1080&ssl=1\" \/>\n\t<meta property=\"og:image:width\" content=\"1080\" \/>\n\t<meta property=\"og:image:height\" content=\"1080\" \/>\n\t<meta property=\"og:image:type\" content=\"image\/jpeg\" \/>\n<meta name=\"twitter:card\" content=\"summary_large_image\" \/>\n<meta name=\"twitter:site\" content=\"@fundacjanarower\" \/>\n<meta name=\"twitter:label1\" content=\"\u041f\u0440\u0438\u0431\u043b. \u0447\u0430\u0441 \u0447\u0438\u0442\u0430\u043d\u043d\u044f\" \/>\n\t<meta name=\"twitter:data1\" content=\"1 \u0445\u0432\u0438\u043b\u0438\u043d\u0430\" \/>\n<script type=\"application\/ld+json\" class=\"yoast-schema-graph\">{\"@context\":\"https:\/\/schema.org\",\"@graph\":[{\"@type\":\"WebPage\",\"@id\":\"https:\/\/fundacjanarowerze.pl\/wspieram\/patronat\/\",\"url\":\"https:\/\/fundacjanarowerze.pl\/wspieram\/patronat\/\",\"name\":\"Patronat - Fundacja Na Rowerze\",\"isPartOf\":{\"@id\":\"https:\/\/fundacjanarowerze.pl\/#website\"},\"datePublished\":\"2023-05-28T21:42:08+00:00\",\"dateModified\":\"2023-05-28T21:46:47+00:00\",\"breadcrumb\":{\"@id\":\"https:\/\/fundacjanarowerze.pl\/wspieram\/patronat\/#breadcrumb\"},\"inLanguage\":\"uk\",\"potentialAction\":[{\"@type\":\"ReadAction\",\"target\":[\"https:\/\/fundacjanarowerze.pl\/wspieram\/patronat\/\"]}]},{\"@type\":\"BreadcrumbList\",\"@id\":\"https:\/\/fundacjanarowerze.pl\/wspieram\/patronat\/#breadcrumb\",\"itemListElement\":[{\"@type\":\"ListItem\",\"position\":1,\"name\":\"Strona g\u0142\u00f3wna\",\"item\":\"https:\/\/fundacjanarowerze.pl\/\"},{\"@type\":\"ListItem\",\"position\":2,\"name\":\"Wesprzyj nas!\",\"item\":\"https:\/\/fundacjanarowerze.pl\/wspieram\/\"},{\"@type\":\"ListItem\",\"position\":3,\"name\":\"Patronat\"}]},{\"@type\":\"WebSite\",\"@id\":\"https:\/\/fundacjanarowerze.pl\/#website\",\"url\":\"https:\/\/fundacjanarowerze.pl\/\",\"name\":\"Fundacja Na Rowerze\",\"description\":\"Pomagamy rowerzystom zdobywa\u0107 do\u015bwiadczenie w ruchu drogowym\",\"publisher\":{\"@id\":\"https:\/\/fundacjanarowerze.pl\/#organization\"},\"potentialAction\":[{\"@type\":\"SearchAction\",\"target\":{\"@type\":\"EntryPoint\",\"urlTemplate\":\"https:\/\/fundacjanarowerze.pl\/?s={search_term_string}\"},\"query-input\":{\"@type\":\"PropertyValueSpecification\",\"valueRequired\":true,\"valueName\":\"search_term_string\"}}],\"inLanguage\":\"uk\"},{\"@type\":\"Organization\",\"@id\":\"https:\/\/fundacjanarowerze.pl\/#organization\",\"name\":\"Fundacja Na Rowerze\",\"url\":\"https:\/\/fundacjanarowerze.pl\/\",\"logo\":{\"@type\":\"ImageObject\",\"inLanguage\":\"uk\",\"@id\":\"https:\/\/fundacjanarowerze.pl\/#\/schema\/logo\/image\/\",\"url\":\"https:\/\/i2.wp.com\/fundacjanarowerze.pl\/wp-content\/uploads\/2021\/01\/logo_rower_1080x1080.jpg?fit=1080%2C1080&ssl=1\",\"contentUrl\":\"https:\/\/i2.wp.com\/fundacjanarowerze.pl\/wp-content\/uploads\/2021\/01\/logo_rower_1080x1080.jpg?fit=1080%2C1080&ssl=1\",\"width\":1080,\"height\":1080,\"caption\":\"Fundacja Na Rowerze\"},\"image\":{\"@id\":\"https:\/\/fundacjanarowerze.pl\/#\/schema\/logo\/image\/\"},\"sameAs\":[\"https:\/\/www.facebook.com\/fundacjanarowerze\",\"https:\/\/x.com\/fundacjanarower\",\"https:\/\/www.instagram.com\/fundacjanarowerze\"]}]}<\/script>\n<!-- \/ Yoast SEO plugin. -->","yoast_head_json":{"title":"Patronat - Fundacja Na Rowerze","robots":{"index":"index","follow":"follow","max-snippet":"max-snippet:-1","max-image-preview":"max-image-preview:large","max-video-preview":"max-video-preview:-1"},"canonical":"https:\/\/fundacjanarowerze.pl\/uk\/wspieram\/patronat\/","og_locale":"uk_UA","og_type":"article","og_title":"Patronat - Fundacja Na Rowerze","og_description":"Jeste\u015bmy w trakcie przygotowywania oferty dla Patron\u00f3w. Je\u015bli jeste\u015b zainteresowany\/a tak\u0105 form\u0105 wsparcia i wsp\u00f3\u0142pracy, wr\u00f3\u0107 na t\u0119 stron\u0119 za kilka dni. Mo\u017cesz tak\u017ce zapisa\u0107 si\u0119 do naszego newslettera, aby nie przegapi\u0107 aktualnych informacji. Obecnie mo\u017cemy Ci zaproponowa\u0107 inne formy wsp\u00f3lnych dzia\u0142a\u0144 a tak\u017ce mo\u017cliwo\u015b\u0107 przekazania darowizny.","og_url":"https:\/\/fundacjanarowerze.pl\/uk\/wspieram\/patronat\/","og_site_name":"Fundacja Na Rowerze","article_publisher":"https:\/\/www.facebook.com\/fundacjanarowerze","article_modified_time":"2023-05-28T21:46:47+00:00","og_image":[{"width":1080,"height":1080,"url":"https:\/\/i0.wp.com\/fundacjanarowerze.pl\/wp-content\/uploads\/2021\/01\/logo_rower_1080x1080.jpg?fit=1080%2C1080&ssl=1","type":"image\/jpeg"}],"twitter_card":"summary_large_image","twitter_site":"@fundacjanarower","twitter_misc":{"\u041f\u0440\u0438\u0431\u043b. \u0447\u0430\u0441 \u0447\u0438\u0442\u0430\u043d\u043d\u044f":"1 \u0445\u0432\u0438\u043b\u0438\u043d\u0430"},"schema":{"@context":"https:\/\/schema.org","@graph":[{"@type":"WebPage","@id":"https:\/\/fundacjanarowerze.pl\/wspieram\/patronat\/","url":"https:\/\/fundacjanarowerze.pl\/wspieram\/patronat\/","name":"Patronat - Fundacja Na Rowerze","isPartOf":{"@id":"https:\/\/fundacjanarowerze.pl\/#website"},"datePublished":"2023-05-28T21:42:08+00:00","dateModified":"2023-05-28T21:46:47+00:00","breadcrumb":{"@id":"https:\/\/fundacjanarowerze.pl\/wspieram\/patronat\/#breadcrumb"},"inLanguage":"uk","potentialAction":[{"@type":"ReadAction","target":["https:\/\/fundacjanarowerze.pl\/wspieram\/patronat\/"]}]},{"@type":"BreadcrumbList","@id":"https:\/\/fundacjanarowerze.pl\/wspieram\/patronat\/#breadcrumb","itemListElement":[{"@type":"ListItem","position":1,"name":"Strona g\u0142\u00f3wna","item":"https:\/\/fundacjanarowerze.pl\/"},{"@type":"ListItem","position":2,"name":"Wesprzyj nas!","item":"https:\/\/fundacjanarowerze.pl\/wspieram\/"},{"@type":"ListItem","position":3,"name":"Patronat"}]},{"@type":"WebSite","@id":"https:\/\/fundacjanarowerze.pl\/#website","url":"https:\/\/fundacjanarowerze.pl\/","name":"\u0424\u0443\u043d\u0434\u0430\u0446\u0456\u044f Na Rowerze","description":"Pomagamy rowerzystom zdobywa\u0107 do\u015bwiadczenie w ruchu drogowym","publisher":{"@id":"https:\/\/fundacjanarowerze.pl\/#organization"},"potentialAction":[{"@type":"SearchAction","target":{"@type":"EntryPoint","urlTemplate":"https:\/\/fundacjanarowerze.pl\/?s={search_term_string}"},"query-input":{"@type":"PropertyValueSpecification","valueRequired":true,"valueName":"search_term_string"}}],"inLanguage":"uk"},{"@type":"Organization","@id":"https:\/\/fundacjanarowerze.pl\/#organization","name":"\u0424\u0443\u043d\u0434\u0430\u0446\u0456\u044f Na Rowerze","url":"https:\/\/fundacjanarowerze.pl\/","logo":{"@type":"ImageObject","inLanguage":"uk","@id":"https:\/\/fundacjanarowerze.pl\/#\/schema\/logo\/image\/","url":"https:\/\/i2.wp.com\/fundacjanarowerze.pl\/wp-content\/uploads\/2021\/01\/logo_rower_1080x1080.jpg?fit=1080%2C1080&ssl=1","contentUrl":"https:\/\/i2.wp.com\/fundacjanarowerze.pl\/wp-content\/uploads\/2021\/01\/logo_rower_1080x1080.jpg?fit=1080%2C1080&ssl=1","width":1080,"height":1080,"caption":"Fundacja Na Rowerze"},"image":{"@id":"https:\/\/fundacjanarowerze.pl\/#\/schema\/logo\/image\/"},"sameAs":["https:\/\/www.facebook.com\/fundacjanarowerze","https:\/\/x.com\/fundacjanarower","https:\/\/www.instagram.com\/fundacjanarowerze"]}]}},"jetpack_sharing_enabled":true,"_links":{"self":[{"href":"https:\/\/fundacjanarowerze.pl\/uk\/wp-json\/wp\/v2\/pages\/1406","targetHints":{"allow":["GET"]}}],"collection":[{"href":"https:\/\/fundacjanarowerze.pl\/uk\/wp-json\/wp\/v2\/pages"}],"about":[{"href":"https:\/\/fundacjanarowerze.pl\/uk\/wp-json\/wp\/v2\/types\/page"}],"author":[{"embeddable":true,"href":"https:\/\/fundacjanarowerze.pl\/uk\/wp-json\/wp\/v2\/users\/1"}],"replies":[{"embeddable":true,"href":"https:\/\/fundacjanarowerze.pl\/uk\/wp-json\/wp\/v2\/comments?post=1406"}],"version-history":[{"count":1,"href":"https:\/\/fundacjanarowerze.pl\/uk\/wp-json\/wp\/v2\/pages\/1406\/revisions"}],"predecessor-version":[{"id":1407,"href":"https:\/\/fundacjanarowerze.pl\/uk\/wp-json\/wp\/v2\/pages\/1406\/revisions\/1407"}],"up":[{"embeddable":true,"href":"https:\/\/fundacjanarowerze.pl\/uk\/wp-json\/wp\/v2\/pages\/1373"}],"wp:attachment":[{"href":"https:\/\/fundacjanarowerze.pl\/uk\/wp-json\/wp\/v2\/media?parent=1406"}],"curies":[{"name":"wp","href":"https:\/\/api.w.org\/{rel}","templated":true}]}}