{"id":1737,"date":"2026-04-01T08:34:49","date_gmt":"2026-04-01T07:34:49","guid":{"rendered":"https:\/\/fundacjanarowerze.pl\/?page_id=1737"},"modified":"2026-04-01T08:34:50","modified_gmt":"2026-04-01T07:34:50","slug":"rowerowe-eventy-dla-firm-integracja-z-misja","status":"publish","type":"page","link":"https:\/\/fundacjanarowerze.pl\/uk\/rowerowe-eventy-dla-firm-integracja-z-misja\/","title":{"rendered":"Rowerowe Eventy dla Firm: Integracja z Misj\u0105"},"content":{"rendered":"\n<p>Przenie\u015b integracj\u0119 swoich pracownik\u00f3w na wy\u017cszy poziom. Organizujemy profesjonalne wydarzenia rowerowe w ca\u0142ej Polsce, kt\u00f3re \u0142\u0105cz\u0105 aktywny wypoczynek z edukacj\u0105. Niezale\u017cnie od tego, czy planujesz samodzielny wyjazd, czy szukasz atrakcji do wi\u0119kszego eventu &#8211; <strong>Fundacja Na Rowerze<\/strong>\u00a0zadba o ka\u017cdy szczeg\u00f3\u0142.<\/p>\n\n\n\n<h3 class=\"wp-block-heading\">Dla kogo jest ta oferta?<\/h3>\n\n\n\n<ul class=\"wp-block-list\">\n<li><strong>Dla firm dbaj\u0105cych o dobrostan (Well-being):<\/strong>\u00a0idealne rozwi\u0105zanie, by zach\u0119ci\u0107 zesp\u00f3\u0142 do ruchu i zdrowego trybu \u017cycia.<\/li>\n\n\n\n<li><strong>Dla dzia\u0142\u00f3w HR i EB:<\/strong>\u00a0gotowe narz\u0119dzie do integracji pracownik\u00f3w wok\u00f3\u0142 pozytywnych warto\u015bci.<\/li>\n\n\n\n<li><strong>Dla organizator\u00f3w du\u017cych event\u00f3w:<\/strong>\u00a0jeste\u015bmy sprawdzonym partnerem, kt\u00f3ry profesjonalnie obs\u0142u\u017cy rowerow\u0105 cz\u0119\u015b\u0107 Twojego projektu.<\/li>\n\n\n\n<li><strong>Dla zespo\u0142\u00f3w o ka\u017cdym stopniu zaawansowania:<\/strong>\u00a0nasze trasy i tempo dostosowujemy do mo\u017cliwo\u015bci uczestnik\u00f3w &#8211; od okazjonalnych rowerzyst\u00f3w turyst\u00f3w do amator\u00f3w kolarstwa szosowego.<\/li>\n<\/ul>\n\n\n\n<h3 class=\"wp-block-heading\">Co oferujemy w ramach wsp\u00f3\u0142pracy?<\/h3>\n\n\n\n<p>Organizujemy kompleksowe&nbsp;<strong>wycieczki rowerowe z instruktorem<\/strong>, kt\u00f3re s\u0105 czym\u015b wi\u0119cej ni\u017c tylko wsp\u00f3ln\u0105 przeja\u017cd\u017ck\u0105:<\/p>\n\n\n\n<ul class=\"wp-block-list\">\n<li><strong>Opieka certyfikowanych instruktor\u00f3w:<\/strong>\u00a0dbamy o bezpiecze\u0144stwo i p\u0142ynno\u015b\u0107 przejazdu w ka\u017cdych warunkach.<\/li>\n\n\n\n<li><strong>Edukacja BRD w praktyce:<\/strong>\u00a0podczas wycieczki przemycamy cenn\u0105 wiedz\u0119 o bezpiecze\u0144stwie i poruszaniu si\u0119 w ruchu drogowym.<\/li>\n\n\n\n<li><strong>Planowanie tras:<\/strong>\u00a0dobieramy malownicze i bezpieczne \u015bcie\u017cki, dopasowane do lokalizacji Twojej firmy.<\/li>\n\n\n\n<li><strong>Logistyka i wsparcie:<\/strong>\u00a0je\u015bli trzeba, wykonamy drobne naprawy rower\u00f3w przed wycieczk\u0105 aby pracownicy mogli skupi\u0107 si\u0119 wy\u0142\u0105cznie na czerpaniu rado\u015bci z jazdy; pomo\u017cemy przy zapisach i logistyce.<\/li>\n\n\n\n<li><strong>Element motywacyjny:<\/strong>\u00a0pomagamy \u201eruszy\u0107 si\u0119 zza biurek\u201d tym, kt\u00f3rzy na co dzie\u0144 nie korzystaj\u0105 z roweru.<\/li>\n<\/ul>\n\n\n\n<hr class=\"wp-block-separator has-alpha-channel-opacity\"\/>\n\n\n\n<h3 class=\"wp-block-heading\">Dlaczego warto z nami wsp\u00f3\u0142pracowa\u0107?<\/h3>\n\n\n\n<p>Wybieraj\u0105c nasz\u0105 Fundacj\u0119, nie tylko integrujesz sw\u00f3j zesp\u00f3\u0142, ale realnie wp\u0142ywasz na popraw\u0119 bezpiecze\u0144stwa na polskich drogach. Nasze do\u015bwiadczenie w szkoleniach pozwala nam na przekazywanie wiedzy w spos\u00f3b lekki, ciekawy i anga\u017cuj\u0105cy.<\/p>\n\n\n\n<blockquote class=\"wp-block-quote is-layout-flow wp-block-quote-is-layout-flow\">\n<p><strong>Zbudujmy razem kultur\u0119 rowerow\u0105 w Twojej firmie.<\/strong><\/p>\n<\/blockquote>\n\n\n<div class=\"wpforms-container wpforms-container-full wpforms-block wpforms-block-067df292-1486-476c-a55f-17174ae17c89\" id=\"wpforms-47\"><form id=\"wpforms-form-47\" class=\"wpforms-validate wpforms-form wpforms-ajax-form\" data-formid=\"47\" method=\"post\" enctype=\"multipart\/form-data\" action=\"\/uk\/wp-json\/wp\/v2\/pages\/1737\" data-token=\"d37f4ec50958c9d71e2abcc475be79a2\" data-token-time=\"1776280355\"><noscript class=\"wpforms-error-noscript\">\u0414\u043b\u044f \u0437\u0430\u043f\u043e\u0432\u043d\u0435\u043d\u043d\u044f \u0446\u0456\u0454\u0457 \u0444\u043e\u0440\u043c\u0438 \u0443\u0432\u0456\u043c\u043a\u043d\u0456\u0442\u044c JavaScript \u0443 \u0431\u0440\u0430\u0443\u0437\u0435\u0440\u0456.<\/noscript><div class=\"wpforms-field-container\"><div id=\"wpforms-47-field_0-container\" class=\"wpforms-field wpforms-field-name wpforms-one-half wpforms-first\" data-field-id=\"0\"><label class=\"wpforms-field-label wpforms-label-hide\" for=\"wpforms-47-field_0\">Imi\u0119 i nazwisko <span class=\"wpforms-required-label\">*<\/span><\/label><input type=\"text\" id=\"wpforms-47-field_0\" class=\"wpforms-field-medium wpforms-field-required\" name=\"wpforms[fields][0]\" placeholder=\"Imi\u0119 i Nazwisko\" required><\/div><div id=\"wpforms-47-field_1-container\" class=\"wpforms-field wpforms-field-email wpforms-one-half\" data-field-id=\"1\"><label class=\"wpforms-field-label wpforms-label-hide\" for=\"wpforms-47-field_1\">Email <span class=\"wpforms-required-label\">*<\/span><\/label><input type=\"email\" id=\"wpforms-47-field_1\" class=\"wpforms-field-medium wpforms-field-required\" name=\"wpforms[fields][1]\" placeholder=\"Email\" spellcheck=\"false\" required><\/div><div id=\"wpforms-47-field_2-container\" class=\"wpforms-field wpforms-field-textarea\" data-field-id=\"2\"><label class=\"wpforms-field-label wpforms-label-hide\" for=\"wpforms-47-field_2\">Twoja wiadomo\u015b\u0107 <span class=\"wpforms-required-label\">*<\/span><\/label><textarea id=\"wpforms-47-field_2\" class=\"wpforms-field-medium wpforms-field-required\" name=\"wpforms[fields][2]\" placeholder=\"Napisz wiadomo\u015b\u0107...\" required><\/textarea><div class=\"wpforms-field-description\">Wype\u0142niaj\u0105c formularz przekazujesz nam swoje dane osobowe. To oznacza, \u017ce aby udzieli\u0107 Ci odpowiedzi, b\u0119dziemy je przetwarza\u0107 jako Administrator Danych (Fundacja Na Rowerze, hello@fundacjanarowerze.pl). Szczeg\u00f3\u0142y przetwarzania oraz przys\u0142uguj\u0105ce Ci prawa znajdziesz w Polityce prywatno\u015bci i plik\u00f3w cookies.<\/div><\/div><\/div><!-- .wpforms-field-container --><div class=\"wpforms-recaptcha-container wpforms-is-turnstile\" ><div class=\"wpforms-turnstile\" data-sitekey=\"0x4AAAAAAAG4SHcWfgcQwi-j\" data-action=\"FormID-47\"><\/div><input type=\"text\" name=\"g-recaptcha-hidden\" class=\"wpforms-recaptcha-hidden\" style=\"position:absolute!important;clip:rect(0,0,0,0)!important;height:1px!important;width:1px!important;border:0!important;overflow:hidden!important;padding:0!important;margin:0!important;\" data-rule-turnstile=\"1\"><\/div><div class=\"wpforms-submit-container\" ><input type=\"hidden\" name=\"wpforms[id]\" value=\"47\"><input type=\"hidden\" name=\"page_title\" value=\"\"><input type=\"hidden\" name=\"page_url\" value=\"https:\/\/fundacjanarowerze.pl\/uk\/wp-json\/wp\/v2\/pages\/1737\"><input type=\"hidden\" name=\"url_referer\" value=\"\"><button type=\"submit\" name=\"wpforms[submit]\" id=\"wpforms-submit-47\" class=\"wpforms-submit\" data-alt-text=\"Wysy\u0142am...\" data-submit-text=\"Wy\u015blij\" aria-live=\"assertive\" value=\"wpforms-submit\">Wy\u015blij<\/button><img loading=\"lazy\" decoding=\"async\" src=\"https:\/\/fundacjanarowerze.pl\/wp-content\/plugins\/wpforms-lite\/assets\/images\/submit-spin.svg\" class=\"wpforms-submit-spinner\" style=\"display: none;\" width=\"26\" height=\"26\" alt=\"\u0417\u0430\u0432\u0430\u043d\u0442\u0430\u0436\u0435\u043d\u043d\u044f\"><\/div><\/form><\/div>  <!-- .wpforms-container -->","protected":false},"excerpt":{"rendered":"<p>Przenie\u015b integracj\u0119 swoich pracownik\u00f3w na wy\u017cszy poziom. Organizujemy profesjonalne wydarzenia rowerowe w ca\u0142ej Polsce, kt\u00f3re \u0142\u0105cz\u0105 aktywny wypoczynek z edukacj\u0105. Niezale\u017cnie od tego, czy planujesz samodzielny wyjazd, czy szukasz atrakcji do wi\u0119kszego eventu &#8211; Fundacja Na Rowerze\u00a0zadba o ka\u017cdy szczeg\u00f3\u0142. Dla kogo jest ta oferta? Co oferujemy w ramach wsp\u00f3\u0142pracy? [&hellip;]<\/p>\n","protected":false},"author":1,"featured_media":1738,"parent":0,"menu_order":0,"comment_status":"closed","ping_status":"closed","template":"","meta":{"footnotes":""},"class_list":["post-1737","page","type-page","status-publish","has-post-thumbnail","hentry"],"yoast_head":"<!-- This site is optimized with the Yoast SEO plugin v27.1.1 - https:\/\/yoast.com\/product\/yoast-seo-wordpress\/ -->\n<title>Rowerowe Eventy dla Firm: Integracja z Misj\u0105 - Fundacja Na Rowerze<\/title>\n<meta name=\"robots\" content=\"index, follow, max-snippet:-1, max-image-preview:large, max-video-preview:-1\" \/>\n<link rel=\"canonical\" href=\"https:\/\/fundacjanarowerze.pl\/uk\/rowerowe-eventy-dla-firm-integracja-z-misja\/\" \/>\n<meta property=\"og:locale\" content=\"uk_UA\" \/>\n<meta property=\"og:type\" content=\"article\" \/>\n<meta property=\"og:title\" content=\"Rowerowe Eventy dla Firm: Integracja z Misj\u0105 - Fundacja Na Rowerze\" \/>\n<meta property=\"og:description\" content=\"Przenie\u015b integracj\u0119 swoich pracownik\u00f3w na wy\u017cszy poziom. Organizujemy profesjonalne wydarzenia rowerowe w ca\u0142ej Polsce, kt\u00f3re \u0142\u0105cz\u0105 aktywny wypoczynek z edukacj\u0105. Niezale\u017cnie od tego, czy planujesz samodzielny wyjazd, czy szukasz atrakcji do wi\u0119kszego eventu &#8211; Fundacja Na Rowerze\u00a0zadba o ka\u017cdy szczeg\u00f3\u0142. Dla kogo jest ta oferta? Co oferujemy w ramach wsp\u00f3\u0142pracy? [&hellip;]\" \/>\n<meta property=\"og:url\" content=\"https:\/\/fundacjanarowerze.pl\/uk\/rowerowe-eventy-dla-firm-integracja-z-misja\/\" \/>\n<meta property=\"og:site_name\" content=\"Fundacja Na Rowerze\" \/>\n<meta property=\"article:publisher\" content=\"https:\/\/www.facebook.com\/fundacjanarowerze\" \/>\n<meta property=\"article:modified_time\" content=\"2026-04-01T07:34:50+00:00\" \/>\n<meta property=\"og:image\" content=\"https:\/\/i0.wp.com\/fundacjanarowerze.pl\/wp-content\/uploads\/2026\/04\/image.png?fit=1024%2C768&ssl=1\" \/>\n\t<meta property=\"og:image:width\" content=\"1024\" \/>\n\t<meta property=\"og:image:height\" content=\"768\" \/>\n\t<meta property=\"og:image:type\" content=\"image\/png\" \/>\n<meta name=\"twitter:card\" content=\"summary_large_image\" \/>\n<meta name=\"twitter:site\" content=\"@fundacjanarower\" \/>\n<meta name=\"twitter:label1\" content=\"\u041f\u0440\u0438\u0431\u043b. \u0447\u0430\u0441 \u0447\u0438\u0442\u0430\u043d\u043d\u044f\" \/>\n\t<meta name=\"twitter:data1\" content=\"2 \u0445\u0432\u0438\u043b\u0438\u043d\u0438\" \/>\n<script type=\"application\/ld+json\" class=\"yoast-schema-graph\">{\"@context\":\"https:\/\/schema.org\",\"@graph\":[{\"@type\":\"WebPage\",\"@id\":\"https:\/\/fundacjanarowerze.pl\/uk\/rowerowe-eventy-dla-firm-integracja-z-misja\/\",\"url\":\"https:\/\/fundacjanarowerze.pl\/uk\/rowerowe-eventy-dla-firm-integracja-z-misja\/\",\"name\":\"Rowerowe Eventy dla Firm: Integracja z Misj\u0105 - Fundacja Na Rowerze\",\"isPartOf\":{\"@id\":\"https:\/\/fundacjanarowerze.pl\/#website\"},\"primaryImageOfPage\":{\"@id\":\"https:\/\/fundacjanarowerze.pl\/uk\/rowerowe-eventy-dla-firm-integracja-z-misja\/#primaryimage\"},\"image\":{\"@id\":\"https:\/\/fundacjanarowerze.pl\/uk\/rowerowe-eventy-dla-firm-integracja-z-misja\/#primaryimage\"},\"thumbnailUrl\":\"https:\/\/i0.wp.com\/fundacjanarowerze.pl\/wp-content\/uploads\/2026\/04\/image.png?fit=1024%2C768&ssl=1\",\"datePublished\":\"2026-04-01T07:34:49+00:00\",\"dateModified\":\"2026-04-01T07:34:50+00:00\",\"breadcrumb\":{\"@id\":\"https:\/\/fundacjanarowerze.pl\/uk\/rowerowe-eventy-dla-firm-integracja-z-misja\/#breadcrumb\"},\"inLanguage\":\"uk\",\"potentialAction\":[{\"@type\":\"ReadAction\",\"target\":[\"https:\/\/fundacjanarowerze.pl\/uk\/rowerowe-eventy-dla-firm-integracja-z-misja\/\"]}]},{\"@type\":\"ImageObject\",\"inLanguage\":\"uk\",\"@id\":\"https:\/\/fundacjanarowerze.pl\/uk\/rowerowe-eventy-dla-firm-integracja-z-misja\/#primaryimage\",\"url\":\"https:\/\/i0.wp.com\/fundacjanarowerze.pl\/wp-content\/uploads\/2026\/04\/image.png?fit=1024%2C768&ssl=1\",\"contentUrl\":\"https:\/\/i0.wp.com\/fundacjanarowerze.pl\/wp-content\/uploads\/2026\/04\/image.png?fit=1024%2C768&ssl=1\",\"width\":1024,\"height\":768},{\"@type\":\"BreadcrumbList\",\"@id\":\"https:\/\/fundacjanarowerze.pl\/uk\/rowerowe-eventy-dla-firm-integracja-z-misja\/#breadcrumb\",\"itemListElement\":[{\"@type\":\"ListItem\",\"position\":1,\"name\":\"Strona g\u0142\u00f3wna\",\"item\":\"https:\/\/fundacjanarowerze.pl\/\"},{\"@type\":\"ListItem\",\"position\":2,\"name\":\"Rowerowe Eventy dla Firm: Integracja z Misj\u0105\"}]},{\"@type\":\"WebSite\",\"@id\":\"https:\/\/fundacjanarowerze.pl\/#website\",\"url\":\"https:\/\/fundacjanarowerze.pl\/\",\"name\":\"Fundacja Na Rowerze\",\"description\":\"Pomagamy rowerzystom zdobywa\u0107 do\u015bwiadczenie w ruchu drogowym\",\"publisher\":{\"@id\":\"https:\/\/fundacjanarowerze.pl\/#organization\"},\"potentialAction\":[{\"@type\":\"SearchAction\",\"target\":{\"@type\":\"EntryPoint\",\"urlTemplate\":\"https:\/\/fundacjanarowerze.pl\/?s={search_term_string}\"},\"query-input\":{\"@type\":\"PropertyValueSpecification\",\"valueRequired\":true,\"valueName\":\"search_term_string\"}}],\"inLanguage\":\"uk\"},{\"@type\":\"Organization\",\"@id\":\"https:\/\/fundacjanarowerze.pl\/#organization\",\"name\":\"Fundacja Na Rowerze\",\"url\":\"https:\/\/fundacjanarowerze.pl\/\",\"logo\":{\"@type\":\"ImageObject\",\"inLanguage\":\"uk\",\"@id\":\"https:\/\/fundacjanarowerze.pl\/#\/schema\/logo\/image\/\",\"url\":\"https:\/\/i2.wp.com\/fundacjanarowerze.pl\/wp-content\/uploads\/2021\/01\/logo_rower_1080x1080.jpg?fit=1080%2C1080&ssl=1\",\"contentUrl\":\"https:\/\/i2.wp.com\/fundacjanarowerze.pl\/wp-content\/uploads\/2021\/01\/logo_rower_1080x1080.jpg?fit=1080%2C1080&ssl=1\",\"width\":1080,\"height\":1080,\"caption\":\"Fundacja Na Rowerze\"},\"image\":{\"@id\":\"https:\/\/fundacjanarowerze.pl\/#\/schema\/logo\/image\/\"},\"sameAs\":[\"https:\/\/www.facebook.com\/fundacjanarowerze\",\"https:\/\/x.com\/fundacjanarower\",\"https:\/\/www.instagram.com\/fundacjanarowerze\"]}]}<\/script>\n<!-- \/ Yoast SEO plugin. -->","yoast_head_json":{"title":"Rowerowe Eventy dla Firm: Integracja z Misj\u0105 - Fundacja Na Rowerze","robots":{"index":"index","follow":"follow","max-snippet":"max-snippet:-1","max-image-preview":"max-image-preview:large","max-video-preview":"max-video-preview:-1"},"canonical":"https:\/\/fundacjanarowerze.pl\/uk\/rowerowe-eventy-dla-firm-integracja-z-misja\/","og_locale":"uk_UA","og_type":"article","og_title":"Rowerowe Eventy dla Firm: Integracja z Misj\u0105 - Fundacja Na Rowerze","og_description":"Przenie\u015b integracj\u0119 swoich pracownik\u00f3w na wy\u017cszy poziom. Organizujemy profesjonalne wydarzenia rowerowe w ca\u0142ej Polsce, kt\u00f3re \u0142\u0105cz\u0105 aktywny wypoczynek z edukacj\u0105. Niezale\u017cnie od tego, czy planujesz samodzielny wyjazd, czy szukasz atrakcji do wi\u0119kszego eventu &#8211; Fundacja Na Rowerze\u00a0zadba o ka\u017cdy szczeg\u00f3\u0142. Dla kogo jest ta oferta? Co oferujemy w ramach wsp\u00f3\u0142pracy? [&hellip;]","og_url":"https:\/\/fundacjanarowerze.pl\/uk\/rowerowe-eventy-dla-firm-integracja-z-misja\/","og_site_name":"Fundacja Na Rowerze","article_publisher":"https:\/\/www.facebook.com\/fundacjanarowerze","article_modified_time":"2026-04-01T07:34:50+00:00","og_image":[{"width":1024,"height":768,"url":"https:\/\/i0.wp.com\/fundacjanarowerze.pl\/wp-content\/uploads\/2026\/04\/image.png?fit=1024%2C768&ssl=1","type":"image\/png"}],"twitter_card":"summary_large_image","twitter_site":"@fundacjanarower","twitter_misc":{"\u041f\u0440\u0438\u0431\u043b. \u0447\u0430\u0441 \u0447\u0438\u0442\u0430\u043d\u043d\u044f":"2 \u0445\u0432\u0438\u043b\u0438\u043d\u0438"},"schema":{"@context":"https:\/\/schema.org","@graph":[{"@type":"WebPage","@id":"https:\/\/fundacjanarowerze.pl\/uk\/rowerowe-eventy-dla-firm-integracja-z-misja\/","url":"https:\/\/fundacjanarowerze.pl\/uk\/rowerowe-eventy-dla-firm-integracja-z-misja\/","name":"Rowerowe Eventy dla Firm: Integracja z Misj\u0105 - Fundacja Na Rowerze","isPartOf":{"@id":"https:\/\/fundacjanarowerze.pl\/#website"},"primaryImageOfPage":{"@id":"https:\/\/fundacjanarowerze.pl\/uk\/rowerowe-eventy-dla-firm-integracja-z-misja\/#primaryimage"},"image":{"@id":"https:\/\/fundacjanarowerze.pl\/uk\/rowerowe-eventy-dla-firm-integracja-z-misja\/#primaryimage"},"thumbnailUrl":"https:\/\/i0.wp.com\/fundacjanarowerze.pl\/wp-content\/uploads\/2026\/04\/image.png?fit=1024%2C768&ssl=1","datePublished":"2026-04-01T07:34:49+00:00","dateModified":"2026-04-01T07:34:50+00:00","breadcrumb":{"@id":"https:\/\/fundacjanarowerze.pl\/uk\/rowerowe-eventy-dla-firm-integracja-z-misja\/#breadcrumb"},"inLanguage":"uk","potentialAction":[{"@type":"ReadAction","target":["https:\/\/fundacjanarowerze.pl\/uk\/rowerowe-eventy-dla-firm-integracja-z-misja\/"]}]},{"@type":"ImageObject","inLanguage":"uk","@id":"https:\/\/fundacjanarowerze.pl\/uk\/rowerowe-eventy-dla-firm-integracja-z-misja\/#primaryimage","url":"https:\/\/i0.wp.com\/fundacjanarowerze.pl\/wp-content\/uploads\/2026\/04\/image.png?fit=1024%2C768&ssl=1","contentUrl":"https:\/\/i0.wp.com\/fundacjanarowerze.pl\/wp-content\/uploads\/2026\/04\/image.png?fit=1024%2C768&ssl=1","width":1024,"height":768},{"@type":"BreadcrumbList","@id":"https:\/\/fundacjanarowerze.pl\/uk\/rowerowe-eventy-dla-firm-integracja-z-misja\/#breadcrumb","itemListElement":[{"@type":"ListItem","position":1,"name":"Strona g\u0142\u00f3wna","item":"https:\/\/fundacjanarowerze.pl\/"},{"@type":"ListItem","position":2,"name":"Rowerowe Eventy dla Firm: Integracja z Misj\u0105"}]},{"@type":"WebSite","@id":"https:\/\/fundacjanarowerze.pl\/#website","url":"https:\/\/fundacjanarowerze.pl\/","name":"\u0424\u0443\u043d\u0434\u0430\u0446\u0456\u044f Na Rowerze","description":"Pomagamy rowerzystom zdobywa\u0107 do\u015bwiadczenie w ruchu drogowym","publisher":{"@id":"https:\/\/fundacjanarowerze.pl\/#organization"},"potentialAction":[{"@type":"SearchAction","target":{"@type":"EntryPoint","urlTemplate":"https:\/\/fundacjanarowerze.pl\/?s={search_term_string}"},"query-input":{"@type":"PropertyValueSpecification","valueRequired":true,"valueName":"search_term_string"}}],"inLanguage":"uk"},{"@type":"Organization","@id":"https:\/\/fundacjanarowerze.pl\/#organization","name":"\u0424\u0443\u043d\u0434\u0430\u0446\u0456\u044f Na Rowerze","url":"https:\/\/fundacjanarowerze.pl\/","logo":{"@type":"ImageObject","inLanguage":"uk","@id":"https:\/\/fundacjanarowerze.pl\/#\/schema\/logo\/image\/","url":"https:\/\/i2.wp.com\/fundacjanarowerze.pl\/wp-content\/uploads\/2021\/01\/logo_rower_1080x1080.jpg?fit=1080%2C1080&ssl=1","contentUrl":"https:\/\/i2.wp.com\/fundacjanarowerze.pl\/wp-content\/uploads\/2021\/01\/logo_rower_1080x1080.jpg?fit=1080%2C1080&ssl=1","width":1080,"height":1080,"caption":"Fundacja Na Rowerze"},"image":{"@id":"https:\/\/fundacjanarowerze.pl\/#\/schema\/logo\/image\/"},"sameAs":["https:\/\/www.facebook.com\/fundacjanarowerze","https:\/\/x.com\/fundacjanarower","https:\/\/www.instagram.com\/fundacjanarowerze"]}]}},"jetpack_sharing_enabled":true,"_links":{"self":[{"href":"https:\/\/fundacjanarowerze.pl\/uk\/wp-json\/wp\/v2\/pages\/1737","targetHints":{"allow":["GET"]}}],"collection":[{"href":"https:\/\/fundacjanarowerze.pl\/uk\/wp-json\/wp\/v2\/pages"}],"about":[{"href":"https:\/\/fundacjanarowerze.pl\/uk\/wp-json\/wp\/v2\/types\/page"}],"author":[{"embeddable":true,"href":"https:\/\/fundacjanarowerze.pl\/uk\/wp-json\/wp\/v2\/users\/1"}],"replies":[{"embeddable":true,"href":"https:\/\/fundacjanarowerze.pl\/uk\/wp-json\/wp\/v2\/comments?post=1737"}],"version-history":[{"count":1,"href":"https:\/\/fundacjanarowerze.pl\/uk\/wp-json\/wp\/v2\/pages\/1737\/revisions"}],"predecessor-version":[{"id":1739,"href":"https:\/\/fundacjanarowerze.pl\/uk\/wp-json\/wp\/v2\/pages\/1737\/revisions\/1739"}],"wp:featuredmedia":[{"embeddable":true,"href":"https:\/\/fundacjanarowerze.pl\/uk\/wp-json\/wp\/v2\/media\/1738"}],"wp:attachment":[{"href":"https:\/\/fundacjanarowerze.pl\/uk\/wp-json\/wp\/v2\/media?parent=1737"}],"curies":[{"name":"wp","href":"https:\/\/api.w.org\/{rel}","templated":true}]}}