{"id":336,"date":"2021-03-01T06:28:00","date_gmt":"2021-03-01T05:28:00","guid":{"rendered":"https:\/\/fundacjanarowerze.pl\/?page_id=336"},"modified":"2023-05-08T14:29:13","modified_gmt":"2023-05-08T13:29:13","slug":"regulamin-warsztatow-rowerowa-lekcja-jazdy","status":"publish","type":"page","link":"https:\/\/fundacjanarowerze.pl\/uk\/regulamin-warsztatow-rowerowa-lekcja-jazdy\/","title":{"rendered":"Regulamin Warsztat\u00f3w &#8222;Rowerowa Lekcja Jazdy&#8221;"},"content":{"rendered":"<p class=\"has-text-align-center\"><a href=\"https:\/\/fundacjanarowerze.pl\/wp-content\/uploads\/2023\/05\/REGULAMIN-WARSZTATOW-Rowerowa-Lekcja-Jazdy-2023_05_08-F.pdf\" rel=\"nofollow\">Pobierz pe\u0142ny Regulamin Warsztat\u00f3w (PDF)<\/a><\/p>\n\n\n\n<h5 class=\"wp-block-heading\">Najwa\u017cniejsze informacje (skr\u00f3t):<\/h5>\n\n\n\n<ol class=\"wp-block-list\">\n<li>Zapisuj\u0105c si\u0119 i uczestnicz\u0105c w Warsztatach akceptujesz regulamin i obowi\u0105zujesz si\u0119 go przestrzega\u0107.<\/li>\n\n\n\n<li>Dopuszcza si\u0119 uczestnictwo z jedn\u0105 osob\u0105 towarzysz\u0105c\u0105. Mo\u017ce to by\u0107 Tw\u00f3j znajomy\/a, partner\/ka, przyjaciel\/przyjaci\u00f3\u0142ka, dziecko (o ile posiada kart\u0119 rowerow\u0105). Minimum jeden z uczestnik\u00f3w musi by\u0107 pe\u0142noletni.<\/li>\n\n\n\n<li>Przyst\u0119pujesz na w\u0142asn\u0105 odpowiedzialno\u015b\u0107.<\/li>\n\n\n\n<li>Zalecamy, aby\u015b posiada\u0142\/a ubezpieczenie OC.<\/li>\n\n\n\n<li>Nie zapewniamy rower\u00f3w Uczestnikom.<\/li>\n\n\n\n<li>Jedna lekcja trwa od 60 do 90 minut (1 &#8211; 1,5 godziny).<\/li>\n\n\n\n<li>Lokalizacj\u0119 i termin zaj\u0119\u0107 ustalamy wsp\u00f3lnie po zg\u0142oszeniu przez Uczestnika ch\u0119ci skorzystania z Warsztat\u00f3w.<\/li>\n\n\n\n<li>Wyra\u017casz zgod\u0119 na wykorzystanie Twojego wizerunku na zdj\u0119ciach i filmach, kt\u00f3re b\u0119d\u0105 u\u017cywane tylko i wy\u0142\u0105cznie w celach promocyjnych.<\/li>\n<\/ol>\n\n\n\n<div class=\"wp-block-buttons is-horizontal is-content-justification-center is-layout-flex wp-container-core-buttons-is-layout-03627597 wp-block-buttons-is-layout-flex\">\n<div class=\"wp-block-button\"><a class=\"wp-block-button__link has-text-color has-background wp-element-button\" href=\"https:\/\/fundacjanarowerze.pl\/wp-content\/uploads\/2023\/05\/REGULAMIN-WARSZTATOW-Rowerowa-Lekcja-Jazdy-2023_05_08-F.pdf\" style=\"border-radius:35px;color:#fffffa;background-color:#ba0c49\">Pobierz Regulamin<\/a><\/div>\n\n\n\n<div class=\"wp-block-button is-style-outline is-style-outline--1\"><a class=\"wp-block-button__link has-text-color wp-element-button\" href=\"https:\/\/fundacjanarowerze.pl\/uk\/rowerowa-lekcja-jazdy\/#faq\" style=\"border-radius:35px;color:#ba0c49\">\u0423 \u043c\u0435\u043d\u0435 \u0449\u0435 \u043e\u0434\u043d\u0435 \u043f\u0438\u0442\u0430\u043d\u043d\u044f<\/a><\/div>\n<\/div>\n\n\n\n<div style=\"height:50px\" aria-hidden=\"true\" class=\"wp-block-spacer\"><\/div>","protected":false},"excerpt":{"rendered":"<p>Pobierz pe\u0142ny Regulamin Warsztat\u00f3w (PDF) Najwa\u017cniejsze informacje (skr\u00f3t):<\/p>","protected":false},"author":1,"featured_media":0,"parent":0,"menu_order":0,"comment_status":"closed","ping_status":"closed","template":"","meta":{"footnotes":""},"class_list":["post-336","page","type-page","status-publish","hentry"],"yoast_head":"<!-- This site is optimized with the Yoast SEO plugin v27.1.1 - https:\/\/yoast.com\/product\/yoast-seo-wordpress\/ -->\n<title>Regulamin Warsztat\u00f3w &quot;Rowerowa Lekcja Jazdy&quot; - Fundacja Na Rowerze<\/title>\n<meta name=\"robots\" content=\"noindex, nofollow\" \/>\n<meta property=\"og:locale\" content=\"uk_UA\" \/>\n<meta property=\"og:type\" content=\"article\" \/>\n<meta property=\"og:title\" content=\"Regulamin Warsztat\u00f3w &quot;Rowerowa Lekcja Jazdy&quot; - Fundacja Na Rowerze\" \/>\n<meta property=\"og:description\" content=\"Pobierz pe\u0142ny Regulamin Warsztat\u00f3w (PDF) Najwa\u017cniejsze informacje (skr\u00f3t):\" \/>\n<meta property=\"og:url\" content=\"https:\/\/fundacjanarowerze.pl\/uk\/regulamin-warsztatow-rowerowa-lekcja-jazdy\/\" \/>\n<meta property=\"og:site_name\" content=\"Fundacja Na Rowerze\" \/>\n<meta property=\"article:publisher\" content=\"https:\/\/www.facebook.com\/fundacjanarowerze\" \/>\n<meta property=\"article:modified_time\" content=\"2023-05-08T13:29:13+00:00\" \/>\n<meta property=\"og:image\" content=\"https:\/\/i0.wp.com\/fundacjanarowerze.pl\/wp-content\/uploads\/2021\/01\/logo_rower_1080x1080.jpg?fit=1080%2C1080&ssl=1\" \/>\n\t<meta property=\"og:image:width\" content=\"1080\" \/>\n\t<meta property=\"og:image:height\" content=\"1080\" \/>\n\t<meta property=\"og:image:type\" content=\"image\/jpeg\" \/>\n<meta name=\"twitter:card\" content=\"summary_large_image\" \/>\n<meta name=\"twitter:site\" content=\"@fundacjanarower\" \/>\n<meta name=\"twitter:label1\" content=\"\u041f\u0440\u0438\u0431\u043b. \u0447\u0430\u0441 \u0447\u0438\u0442\u0430\u043d\u043d\u044f\" \/>\n\t<meta name=\"twitter:data1\" content=\"1 \u0445\u0432\u0438\u043b\u0438\u043d\u0430\" \/>\n<script type=\"application\/ld+json\" class=\"yoast-schema-graph\">{\"@context\":\"https:\/\/schema.org\",\"@graph\":[{\"@type\":\"WebPage\",\"@id\":\"https:\/\/fundacjanarowerze.pl\/regulamin-warsztatow-rowerowa-lekcja-jazdy\/\",\"url\":\"https:\/\/fundacjanarowerze.pl\/regulamin-warsztatow-rowerowa-lekcja-jazdy\/\",\"name\":\"Regulamin Warsztat\u00f3w \\\"Rowerowa Lekcja Jazdy\\\" - Fundacja Na Rowerze\",\"isPartOf\":{\"@id\":\"https:\/\/fundacjanarowerze.pl\/#website\"},\"datePublished\":\"2021-03-01T05:28:00+00:00\",\"dateModified\":\"2023-05-08T13:29:13+00:00\",\"breadcrumb\":{\"@id\":\"https:\/\/fundacjanarowerze.pl\/regulamin-warsztatow-rowerowa-lekcja-jazdy\/#breadcrumb\"},\"inLanguage\":\"uk\",\"potentialAction\":[{\"@type\":\"ReadAction\",\"target\":[\"https:\/\/fundacjanarowerze.pl\/regulamin-warsztatow-rowerowa-lekcja-jazdy\/\"]}]},{\"@type\":\"BreadcrumbList\",\"@id\":\"https:\/\/fundacjanarowerze.pl\/regulamin-warsztatow-rowerowa-lekcja-jazdy\/#breadcrumb\",\"itemListElement\":[{\"@type\":\"ListItem\",\"position\":1,\"name\":\"Strona g\u0142\u00f3wna\",\"item\":\"https:\/\/fundacjanarowerze.pl\/\"},{\"@type\":\"ListItem\",\"position\":2,\"name\":\"Regulamin Warsztat\u00f3w &#8220;Rowerowa Lekcja Jazdy&#8221;\"}]},{\"@type\":\"WebSite\",\"@id\":\"https:\/\/fundacjanarowerze.pl\/#website\",\"url\":\"https:\/\/fundacjanarowerze.pl\/\",\"name\":\"Fundacja Na Rowerze\",\"description\":\"Pomagamy rowerzystom zdobywa\u0107 do\u015bwiadczenie w ruchu drogowym\",\"publisher\":{\"@id\":\"https:\/\/fundacjanarowerze.pl\/#organization\"},\"potentialAction\":[{\"@type\":\"SearchAction\",\"target\":{\"@type\":\"EntryPoint\",\"urlTemplate\":\"https:\/\/fundacjanarowerze.pl\/?s={search_term_string}\"},\"query-input\":{\"@type\":\"PropertyValueSpecification\",\"valueRequired\":true,\"valueName\":\"search_term_string\"}}],\"inLanguage\":\"uk\"},{\"@type\":\"Organization\",\"@id\":\"https:\/\/fundacjanarowerze.pl\/#organization\",\"name\":\"Fundacja Na Rowerze\",\"url\":\"https:\/\/fundacjanarowerze.pl\/\",\"logo\":{\"@type\":\"ImageObject\",\"inLanguage\":\"uk\",\"@id\":\"https:\/\/fundacjanarowerze.pl\/#\/schema\/logo\/image\/\",\"url\":\"https:\/\/i2.wp.com\/fundacjanarowerze.pl\/wp-content\/uploads\/2021\/01\/logo_rower_1080x1080.jpg?fit=1080%2C1080&ssl=1\",\"contentUrl\":\"https:\/\/i2.wp.com\/fundacjanarowerze.pl\/wp-content\/uploads\/2021\/01\/logo_rower_1080x1080.jpg?fit=1080%2C1080&ssl=1\",\"width\":1080,\"height\":1080,\"caption\":\"Fundacja Na Rowerze\"},\"image\":{\"@id\":\"https:\/\/fundacjanarowerze.pl\/#\/schema\/logo\/image\/\"},\"sameAs\":[\"https:\/\/www.facebook.com\/fundacjanarowerze\",\"https:\/\/x.com\/fundacjanarower\",\"https:\/\/www.instagram.com\/fundacjanarowerze\"]}]}<\/script>\n<!-- \/ Yoast SEO plugin. -->","yoast_head_json":{"title":"Regulamin Warsztat\u00f3w \"Rowerowa Lekcja Jazdy\" - Fundacja Na Rowerze","robots":{"index":"noindex","follow":"nofollow"},"og_locale":"uk_UA","og_type":"article","og_title":"Regulamin Warsztat\u00f3w \"Rowerowa Lekcja Jazdy\" - Fundacja Na Rowerze","og_description":"Pobierz pe\u0142ny Regulamin Warsztat\u00f3w (PDF) Najwa\u017cniejsze informacje (skr\u00f3t):","og_url":"https:\/\/fundacjanarowerze.pl\/uk\/regulamin-warsztatow-rowerowa-lekcja-jazdy\/","og_site_name":"Fundacja Na Rowerze","article_publisher":"https:\/\/www.facebook.com\/fundacjanarowerze","article_modified_time":"2023-05-08T13:29:13+00:00","og_image":[{"width":1080,"height":1080,"url":"https:\/\/i0.wp.com\/fundacjanarowerze.pl\/wp-content\/uploads\/2021\/01\/logo_rower_1080x1080.jpg?fit=1080%2C1080&ssl=1","type":"image\/jpeg"}],"twitter_card":"summary_large_image","twitter_site":"@fundacjanarower","twitter_misc":{"\u041f\u0440\u0438\u0431\u043b. \u0447\u0430\u0441 \u0447\u0438\u0442\u0430\u043d\u043d\u044f":"1 \u0445\u0432\u0438\u043b\u0438\u043d\u0430"},"schema":{"@context":"https:\/\/schema.org","@graph":[{"@type":"WebPage","@id":"https:\/\/fundacjanarowerze.pl\/regulamin-warsztatow-rowerowa-lekcja-jazdy\/","url":"https:\/\/fundacjanarowerze.pl\/regulamin-warsztatow-rowerowa-lekcja-jazdy\/","name":"Regulamin Warsztat\u00f3w \"Rowerowa Lekcja Jazdy\" - Fundacja Na Rowerze","isPartOf":{"@id":"https:\/\/fundacjanarowerze.pl\/#website"},"datePublished":"2021-03-01T05:28:00+00:00","dateModified":"2023-05-08T13:29:13+00:00","breadcrumb":{"@id":"https:\/\/fundacjanarowerze.pl\/regulamin-warsztatow-rowerowa-lekcja-jazdy\/#breadcrumb"},"inLanguage":"uk","potentialAction":[{"@type":"ReadAction","target":["https:\/\/fundacjanarowerze.pl\/regulamin-warsztatow-rowerowa-lekcja-jazdy\/"]}]},{"@type":"BreadcrumbList","@id":"https:\/\/fundacjanarowerze.pl\/regulamin-warsztatow-rowerowa-lekcja-jazdy\/#breadcrumb","itemListElement":[{"@type":"ListItem","position":1,"name":"Strona g\u0142\u00f3wna","item":"https:\/\/fundacjanarowerze.pl\/"},{"@type":"ListItem","position":2,"name":"Regulamin Warsztat\u00f3w &#8220;Rowerowa Lekcja Jazdy&#8221;"}]},{"@type":"WebSite","@id":"https:\/\/fundacjanarowerze.pl\/#website","url":"https:\/\/fundacjanarowerze.pl\/","name":"\u0424\u0443\u043d\u0434\u0430\u0446\u0456\u044f Na Rowerze","description":"Pomagamy rowerzystom zdobywa\u0107 do\u015bwiadczenie w ruchu drogowym","publisher":{"@id":"https:\/\/fundacjanarowerze.pl\/#organization"},"potentialAction":[{"@type":"SearchAction","target":{"@type":"EntryPoint","urlTemplate":"https:\/\/fundacjanarowerze.pl\/?s={search_term_string}"},"query-input":{"@type":"PropertyValueSpecification","valueRequired":true,"valueName":"search_term_string"}}],"inLanguage":"uk"},{"@type":"Organization","@id":"https:\/\/fundacjanarowerze.pl\/#organization","name":"\u0424\u0443\u043d\u0434\u0430\u0446\u0456\u044f Na Rowerze","url":"https:\/\/fundacjanarowerze.pl\/","logo":{"@type":"ImageObject","inLanguage":"uk","@id":"https:\/\/fundacjanarowerze.pl\/#\/schema\/logo\/image\/","url":"https:\/\/i2.wp.com\/fundacjanarowerze.pl\/wp-content\/uploads\/2021\/01\/logo_rower_1080x1080.jpg?fit=1080%2C1080&ssl=1","contentUrl":"https:\/\/i2.wp.com\/fundacjanarowerze.pl\/wp-content\/uploads\/2021\/01\/logo_rower_1080x1080.jpg?fit=1080%2C1080&ssl=1","width":1080,"height":1080,"caption":"Fundacja Na Rowerze"},"image":{"@id":"https:\/\/fundacjanarowerze.pl\/#\/schema\/logo\/image\/"},"sameAs":["https:\/\/www.facebook.com\/fundacjanarowerze","https:\/\/x.com\/fundacjanarower","https:\/\/www.instagram.com\/fundacjanarowerze"]}]}},"jetpack_sharing_enabled":true,"_links":{"self":[{"href":"https:\/\/fundacjanarowerze.pl\/uk\/wp-json\/wp\/v2\/pages\/336","targetHints":{"allow":["GET"]}}],"collection":[{"href":"https:\/\/fundacjanarowerze.pl\/uk\/wp-json\/wp\/v2\/pages"}],"about":[{"href":"https:\/\/fundacjanarowerze.pl\/uk\/wp-json\/wp\/v2\/types\/page"}],"author":[{"embeddable":true,"href":"https:\/\/fundacjanarowerze.pl\/uk\/wp-json\/wp\/v2\/users\/1"}],"replies":[{"embeddable":true,"href":"https:\/\/fundacjanarowerze.pl\/uk\/wp-json\/wp\/v2\/comments?post=336"}],"version-history":[{"count":9,"href":"https:\/\/fundacjanarowerze.pl\/uk\/wp-json\/wp\/v2\/pages\/336\/revisions"}],"predecessor-version":[{"id":1317,"href":"https:\/\/fundacjanarowerze.pl\/uk\/wp-json\/wp\/v2\/pages\/336\/revisions\/1317"}],"wp:attachment":[{"href":"https:\/\/fundacjanarowerze.pl\/uk\/wp-json\/wp\/v2\/media?parent=336"}],"curies":[{"name":"wp","href":"https:\/\/api.w.org\/{rel}","templated":true}]}}