{"id":591,"date":"2021-06-08T08:54:05","date_gmt":"2021-06-08T07:54:05","guid":{"rendered":"https:\/\/fundacjanarowerze.pl\/?page_id=591"},"modified":"2022-06-27T20:31:19","modified_gmt":"2022-06-27T19:31:19","slug":"sklepy-partnerskie","status":"publish","type":"page","link":"https:\/\/fundacjanarowerze.pl\/uk\/sklepy-partnerskie\/","title":{"rendered":"Sklepy partnerskie"},"content":{"rendered":"<div class=\"wp-block-themeisle-blocks-advanced-columns has-1-columns has-desktop-equal-layout has-tablet-equal-layout has-mobile-equal-layout has-default-gap has-vertical-unset\" id=\"wp-block-themeisle-blocks-advanced-columns-3819e440\"><div class=\"wp-block-themeisle-blocks-advanced-columns-overlay\"><\/div><div class=\"innerblocks-wrap\">\n<div class=\"wp-block-themeisle-blocks-advanced-column\" id=\"wp-block-themeisle-blocks-advanced-column-41a30bb4\">\n<h2 class=\"wp-block-heading\">Nasze dzia\u0142ania dumnie wspieraj\u0105 sklepy i serwisy rowerowe:<\/h2>\n<\/div>\n<\/div><\/div>\n\n\n\n<p>W\u0142a\u015bciciele sklep\u00f3w i serwis\u00f3w rowerowych popieraj\u0105 nasze dzia\u0142ania. Oni rozumiej\u0105, \u017ce sprzedaj\u0105c rowery maj\u0105 tak\u017ce realny wp\u0142yw na popraw\u0119 bezpiecze\u0144stwa wszystkich rowerzyst\u00f3w, w tym swoich Klient\u00f3w.<\/p>\n\n\n\n<p>Jeste\u015b w\u0142a\u015bcicielem sklepu lub serwisu rowerowego? Sprzedajesz akcesoria rowerowe lub oferujesz us\u0142ugi? <br><a href=\"https:\/\/fundacjanarowerze.pl\/uk\/kontakt\/\"><strong>Skontaktuj si\u0119 z nami<\/strong><\/a> &#8211; ch\u0119tnie rozwa\u017cymy ka\u017cd\u0105 propozycj\u0119 wsp\u00f3\u0142pracy. Zale\u017cy nam na tym, aby tre\u015bci edukacyjne trafia\u0142y do jak najwi\u0119kszego grona rowerzyst\u00f3w.<\/p>\n\n\n\n<div class=\"wp-block-media-text alignwide is-stacked-on-mobile\" style=\"grid-template-columns:27% auto\"><figure class=\"wp-block-media-text__media\"><img data-recalc-dims=\"1\" loading=\"lazy\" decoding=\"async\" width=\"239\" height=\"169\" src=\"https:\/\/i0.wp.com\/fundacjanarowerze.pl\/wp-content\/uploads\/2021\/03\/logo_rowersi.png?resize=239%2C169&#038;ssl=1\" alt=\"rowersi sklep i serwis rowerowy\" class=\"wp-image-333 size-full\"\/><\/figure><div class=\"wp-block-media-text__content\">\n<p class=\"has-large-font-size\">Rowersi sklep i serwis rowerowy <br>(Gda\u0144sk Che\u0142m)<\/p>\n\n\n\n<p><strong>SK &#8222;CENTRUM&#8221;<br>ul. Cha\u0142ubi\u0144skiego 27B,<br>80-807 Gda\u0144sk.<\/strong><br>tel: 500 134 939, 58 300 43 34<br>E-mail: <a href=\"mailto:sklep@www.rowersi.pl\">sklep@rowersi.pl<\/a><br>web: <a href=\"http:\/\/www.rowersi.pl\/\" target=\"_blank\" rel=\"noreferrer noopener nofollow\">http:\/\/www.rowersi.pl\/<\/a><\/p>\n<\/div><\/div>\n\n\n\n<p><\/p>","protected":false},"excerpt":{"rendered":"<p>W\u0142a\u015bciciele sklep\u00f3w i serwis\u00f3w rowerowych popieraj\u0105 nasze dzia\u0142ania. Oni rozumiej\u0105, \u017ce sprzedaj\u0105c rowery maj\u0105 tak\u017ce realny wp\u0142yw na popraw\u0119 bezpiecze\u0144stwa wszystkich rowerzyst\u00f3w, w tym swoich Klient\u00f3w. Jeste\u015b w\u0142a\u015bcicielem sklepu lub serwisu rowerowego? Sprzedajesz akcesoria rowerowe lub oferujesz us\u0142ugi? Skontaktuj si\u0119 z nami &#8211; ch\u0119tnie rozwa\u017cymy ka\u017cd\u0105 propozycj\u0119 wsp\u00f3\u0142pracy. Zale\u017cy nam [&hellip;]<\/p>\n","protected":false},"author":1,"featured_media":153,"parent":0,"menu_order":0,"comment_status":"closed","ping_status":"closed","template":"","meta":{"footnotes":""},"class_list":["post-591","page","type-page","status-publish","has-post-thumbnail","hentry"],"yoast_head":"<!-- This site is optimized with the Yoast SEO plugin v27.1.1 - https:\/\/yoast.com\/product\/yoast-seo-wordpress\/ -->\n<title>Sklepy partnerskie - Fundacja Na Rowerze<\/title>\n<meta name=\"description\" content=\"W dzia\u0142ania promuj\u0105ce bezpiecze\u0144stwo rowerzyst\u00f3w anga\u017cuj\u0105 si\u0119 w\u0142a\u015bciciele sklep\u00f3w i serwis\u00f3w rowerowych. To znak, \u017ce zale\u017cy im na Klientach.\" \/>\n<meta name=\"robots\" content=\"index, follow, max-snippet:-1, max-image-preview:large, max-video-preview:-1\" \/>\n<link rel=\"canonical\" href=\"https:\/\/fundacjanarowerze.pl\/uk\/sklepy-partnerskie\/\" \/>\n<meta property=\"og:locale\" content=\"uk_UA\" \/>\n<meta property=\"og:type\" content=\"article\" \/>\n<meta property=\"og:title\" content=\"Sklepy partnerskie - Fundacja Na Rowerze\" \/>\n<meta property=\"og:description\" content=\"W dzia\u0142ania promuj\u0105ce bezpiecze\u0144stwo rowerzyst\u00f3w anga\u017cuj\u0105 si\u0119 w\u0142a\u015bciciele sklep\u00f3w i serwis\u00f3w rowerowych. To znak, \u017ce zale\u017cy im na Klientach.\" \/>\n<meta property=\"og:url\" content=\"https:\/\/fundacjanarowerze.pl\/uk\/sklepy-partnerskie\/\" \/>\n<meta property=\"og:site_name\" content=\"Fundacja Na Rowerze\" \/>\n<meta property=\"article:publisher\" content=\"https:\/\/www.facebook.com\/fundacjanarowerze\" \/>\n<meta property=\"article:modified_time\" content=\"2022-06-27T19:31:19+00:00\" \/>\n<meta property=\"og:image\" content=\"https:\/\/fundacjanarowerze.pl\/wp-content\/uploads\/2021\/01\/znak-poziomy-P-23.jpg\" \/>\n\t<meta property=\"og:image:width\" content=\"1084\" \/>\n\t<meta property=\"og:image:height\" content=\"886\" \/>\n\t<meta property=\"og:image:type\" content=\"image\/jpeg\" \/>\n<meta name=\"twitter:card\" content=\"summary_large_image\" \/>\n<meta name=\"twitter:site\" content=\"@fundacjanarower\" \/>\n<meta name=\"twitter:label1\" content=\"\u041f\u0440\u0438\u0431\u043b. \u0447\u0430\u0441 \u0447\u0438\u0442\u0430\u043d\u043d\u044f\" \/>\n\t<meta name=\"twitter:data1\" content=\"1 \u0445\u0432\u0438\u043b\u0438\u043d\u0430\" \/>\n<script type=\"application\/ld+json\" class=\"yoast-schema-graph\">{\"@context\":\"https:\/\/schema.org\",\"@graph\":[{\"@type\":\"WebPage\",\"@id\":\"https:\/\/fundacjanarowerze.pl\/sklepy-partnerskie\/\",\"url\":\"https:\/\/fundacjanarowerze.pl\/sklepy-partnerskie\/\",\"name\":\"Sklepy partnerskie - Fundacja Na Rowerze\",\"isPartOf\":{\"@id\":\"https:\/\/fundacjanarowerze.pl\/#website\"},\"primaryImageOfPage\":{\"@id\":\"https:\/\/fundacjanarowerze.pl\/sklepy-partnerskie\/#primaryimage\"},\"image\":{\"@id\":\"https:\/\/fundacjanarowerze.pl\/sklepy-partnerskie\/#primaryimage\"},\"thumbnailUrl\":\"https:\/\/i0.wp.com\/fundacjanarowerze.pl\/wp-content\/uploads\/2021\/01\/znak-poziomy-P-23.jpg?fit=1084%2C886&ssl=1\",\"datePublished\":\"2021-06-08T07:54:05+00:00\",\"dateModified\":\"2022-06-27T19:31:19+00:00\",\"description\":\"W dzia\u0142ania promuj\u0105ce bezpiecze\u0144stwo rowerzyst\u00f3w anga\u017cuj\u0105 si\u0119 w\u0142a\u015bciciele sklep\u00f3w i serwis\u00f3w rowerowych. To znak, \u017ce zale\u017cy im na Klientach.\",\"breadcrumb\":{\"@id\":\"https:\/\/fundacjanarowerze.pl\/sklepy-partnerskie\/#breadcrumb\"},\"inLanguage\":\"uk\",\"potentialAction\":[{\"@type\":\"ReadAction\",\"target\":[\"https:\/\/fundacjanarowerze.pl\/sklepy-partnerskie\/\"]}]},{\"@type\":\"ImageObject\",\"inLanguage\":\"uk\",\"@id\":\"https:\/\/fundacjanarowerze.pl\/sklepy-partnerskie\/#primaryimage\",\"url\":\"https:\/\/i0.wp.com\/fundacjanarowerze.pl\/wp-content\/uploads\/2021\/01\/znak-poziomy-P-23.jpg?fit=1084%2C886&ssl=1\",\"contentUrl\":\"https:\/\/i0.wp.com\/fundacjanarowerze.pl\/wp-content\/uploads\/2021\/01\/znak-poziomy-P-23.jpg?fit=1084%2C886&ssl=1\",\"width\":1084,\"height\":886,\"caption\":\"znak poziomy P-23 \\\"droga dla rower\u00f3w\\\"\"},{\"@type\":\"BreadcrumbList\",\"@id\":\"https:\/\/fundacjanarowerze.pl\/sklepy-partnerskie\/#breadcrumb\",\"itemListElement\":[{\"@type\":\"ListItem\",\"position\":1,\"name\":\"Strona g\u0142\u00f3wna\",\"item\":\"https:\/\/fundacjanarowerze.pl\/\"},{\"@type\":\"ListItem\",\"position\":2,\"name\":\"Sklepy partnerskie\"}]},{\"@type\":\"WebSite\",\"@id\":\"https:\/\/fundacjanarowerze.pl\/#website\",\"url\":\"https:\/\/fundacjanarowerze.pl\/\",\"name\":\"Fundacja Na Rowerze\",\"description\":\"Pomagamy rowerzystom zdobywa\u0107 do\u015bwiadczenie w ruchu drogowym\",\"publisher\":{\"@id\":\"https:\/\/fundacjanarowerze.pl\/#organization\"},\"potentialAction\":[{\"@type\":\"SearchAction\",\"target\":{\"@type\":\"EntryPoint\",\"urlTemplate\":\"https:\/\/fundacjanarowerze.pl\/?s={search_term_string}\"},\"query-input\":{\"@type\":\"PropertyValueSpecification\",\"valueRequired\":true,\"valueName\":\"search_term_string\"}}],\"inLanguage\":\"uk\"},{\"@type\":\"Organization\",\"@id\":\"https:\/\/fundacjanarowerze.pl\/#organization\",\"name\":\"Fundacja Na Rowerze\",\"url\":\"https:\/\/fundacjanarowerze.pl\/\",\"logo\":{\"@type\":\"ImageObject\",\"inLanguage\":\"uk\",\"@id\":\"https:\/\/fundacjanarowerze.pl\/#\/schema\/logo\/image\/\",\"url\":\"https:\/\/i2.wp.com\/fundacjanarowerze.pl\/wp-content\/uploads\/2021\/01\/logo_rower_1080x1080.jpg?fit=1080%2C1080&ssl=1\",\"contentUrl\":\"https:\/\/i2.wp.com\/fundacjanarowerze.pl\/wp-content\/uploads\/2021\/01\/logo_rower_1080x1080.jpg?fit=1080%2C1080&ssl=1\",\"width\":1080,\"height\":1080,\"caption\":\"Fundacja Na Rowerze\"},\"image\":{\"@id\":\"https:\/\/fundacjanarowerze.pl\/#\/schema\/logo\/image\/\"},\"sameAs\":[\"https:\/\/www.facebook.com\/fundacjanarowerze\",\"https:\/\/x.com\/fundacjanarower\",\"https:\/\/www.instagram.com\/fundacjanarowerze\"]}]}<\/script>\n<!-- \/ Yoast SEO plugin. -->","yoast_head_json":{"title":"Sklepy partnerskie - Fundacja Na Rowerze","description":"W dzia\u0142ania promuj\u0105ce bezpiecze\u0144stwo rowerzyst\u00f3w anga\u017cuj\u0105 si\u0119 w\u0142a\u015bciciele sklep\u00f3w i serwis\u00f3w rowerowych. To znak, \u017ce zale\u017cy im na Klientach.","robots":{"index":"index","follow":"follow","max-snippet":"max-snippet:-1","max-image-preview":"max-image-preview:large","max-video-preview":"max-video-preview:-1"},"canonical":"https:\/\/fundacjanarowerze.pl\/uk\/sklepy-partnerskie\/","og_locale":"uk_UA","og_type":"article","og_title":"Sklepy partnerskie - Fundacja Na Rowerze","og_description":"W dzia\u0142ania promuj\u0105ce bezpiecze\u0144stwo rowerzyst\u00f3w anga\u017cuj\u0105 si\u0119 w\u0142a\u015bciciele sklep\u00f3w i serwis\u00f3w rowerowych. To znak, \u017ce zale\u017cy im na Klientach.","og_url":"https:\/\/fundacjanarowerze.pl\/uk\/sklepy-partnerskie\/","og_site_name":"Fundacja Na Rowerze","article_publisher":"https:\/\/www.facebook.com\/fundacjanarowerze","article_modified_time":"2022-06-27T19:31:19+00:00","og_image":[{"width":1084,"height":886,"url":"https:\/\/fundacjanarowerze.pl\/wp-content\/uploads\/2021\/01\/znak-poziomy-P-23.jpg","type":"image\/jpeg"}],"twitter_card":"summary_large_image","twitter_site":"@fundacjanarower","twitter_misc":{"\u041f\u0440\u0438\u0431\u043b. \u0447\u0430\u0441 \u0447\u0438\u0442\u0430\u043d\u043d\u044f":"1 \u0445\u0432\u0438\u043b\u0438\u043d\u0430"},"schema":{"@context":"https:\/\/schema.org","@graph":[{"@type":"WebPage","@id":"https:\/\/fundacjanarowerze.pl\/sklepy-partnerskie\/","url":"https:\/\/fundacjanarowerze.pl\/sklepy-partnerskie\/","name":"Sklepy partnerskie - Fundacja Na Rowerze","isPartOf":{"@id":"https:\/\/fundacjanarowerze.pl\/#website"},"primaryImageOfPage":{"@id":"https:\/\/fundacjanarowerze.pl\/sklepy-partnerskie\/#primaryimage"},"image":{"@id":"https:\/\/fundacjanarowerze.pl\/sklepy-partnerskie\/#primaryimage"},"thumbnailUrl":"https:\/\/i0.wp.com\/fundacjanarowerze.pl\/wp-content\/uploads\/2021\/01\/znak-poziomy-P-23.jpg?fit=1084%2C886&ssl=1","datePublished":"2021-06-08T07:54:05+00:00","dateModified":"2022-06-27T19:31:19+00:00","description":"W dzia\u0142ania promuj\u0105ce bezpiecze\u0144stwo rowerzyst\u00f3w anga\u017cuj\u0105 si\u0119 w\u0142a\u015bciciele sklep\u00f3w i serwis\u00f3w rowerowych. To znak, \u017ce zale\u017cy im na Klientach.","breadcrumb":{"@id":"https:\/\/fundacjanarowerze.pl\/sklepy-partnerskie\/#breadcrumb"},"inLanguage":"uk","potentialAction":[{"@type":"ReadAction","target":["https:\/\/fundacjanarowerze.pl\/sklepy-partnerskie\/"]}]},{"@type":"ImageObject","inLanguage":"uk","@id":"https:\/\/fundacjanarowerze.pl\/sklepy-partnerskie\/#primaryimage","url":"https:\/\/i0.wp.com\/fundacjanarowerze.pl\/wp-content\/uploads\/2021\/01\/znak-poziomy-P-23.jpg?fit=1084%2C886&ssl=1","contentUrl":"https:\/\/i0.wp.com\/fundacjanarowerze.pl\/wp-content\/uploads\/2021\/01\/znak-poziomy-P-23.jpg?fit=1084%2C886&ssl=1","width":1084,"height":886,"caption":"znak poziomy P-23 \"droga dla rower\u00f3w\""},{"@type":"BreadcrumbList","@id":"https:\/\/fundacjanarowerze.pl\/sklepy-partnerskie\/#breadcrumb","itemListElement":[{"@type":"ListItem","position":1,"name":"Strona g\u0142\u00f3wna","item":"https:\/\/fundacjanarowerze.pl\/"},{"@type":"ListItem","position":2,"name":"Sklepy partnerskie"}]},{"@type":"WebSite","@id":"https:\/\/fundacjanarowerze.pl\/#website","url":"https:\/\/fundacjanarowerze.pl\/","name":"\u0424\u0443\u043d\u0434\u0430\u0446\u0456\u044f Na Rowerze","description":"Pomagamy rowerzystom zdobywa\u0107 do\u015bwiadczenie w ruchu drogowym","publisher":{"@id":"https:\/\/fundacjanarowerze.pl\/#organization"},"potentialAction":[{"@type":"SearchAction","target":{"@type":"EntryPoint","urlTemplate":"https:\/\/fundacjanarowerze.pl\/?s={search_term_string}"},"query-input":{"@type":"PropertyValueSpecification","valueRequired":true,"valueName":"search_term_string"}}],"inLanguage":"uk"},{"@type":"Organization","@id":"https:\/\/fundacjanarowerze.pl\/#organization","name":"\u0424\u0443\u043d\u0434\u0430\u0446\u0456\u044f Na Rowerze","url":"https:\/\/fundacjanarowerze.pl\/","logo":{"@type":"ImageObject","inLanguage":"uk","@id":"https:\/\/fundacjanarowerze.pl\/#\/schema\/logo\/image\/","url":"https:\/\/i2.wp.com\/fundacjanarowerze.pl\/wp-content\/uploads\/2021\/01\/logo_rower_1080x1080.jpg?fit=1080%2C1080&ssl=1","contentUrl":"https:\/\/i2.wp.com\/fundacjanarowerze.pl\/wp-content\/uploads\/2021\/01\/logo_rower_1080x1080.jpg?fit=1080%2C1080&ssl=1","width":1080,"height":1080,"caption":"Fundacja Na Rowerze"},"image":{"@id":"https:\/\/fundacjanarowerze.pl\/#\/schema\/logo\/image\/"},"sameAs":["https:\/\/www.facebook.com\/fundacjanarowerze","https:\/\/x.com\/fundacjanarower","https:\/\/www.instagram.com\/fundacjanarowerze"]}]}},"jetpack_sharing_enabled":true,"_links":{"self":[{"href":"https:\/\/fundacjanarowerze.pl\/uk\/wp-json\/wp\/v2\/pages\/591","targetHints":{"allow":["GET"]}}],"collection":[{"href":"https:\/\/fundacjanarowerze.pl\/uk\/wp-json\/wp\/v2\/pages"}],"about":[{"href":"https:\/\/fundacjanarowerze.pl\/uk\/wp-json\/wp\/v2\/types\/page"}],"author":[{"embeddable":true,"href":"https:\/\/fundacjanarowerze.pl\/uk\/wp-json\/wp\/v2\/users\/1"}],"replies":[{"embeddable":true,"href":"https:\/\/fundacjanarowerze.pl\/uk\/wp-json\/wp\/v2\/comments?post=591"}],"version-history":[{"count":3,"href":"https:\/\/fundacjanarowerze.pl\/uk\/wp-json\/wp\/v2\/pages\/591\/revisions"}],"predecessor-version":[{"id":823,"href":"https:\/\/fundacjanarowerze.pl\/uk\/wp-json\/wp\/v2\/pages\/591\/revisions\/823"}],"wp:featuredmedia":[{"embeddable":true,"href":"https:\/\/fundacjanarowerze.pl\/uk\/wp-json\/wp\/v2\/media\/153"}],"wp:attachment":[{"href":"https:\/\/fundacjanarowerze.pl\/uk\/wp-json\/wp\/v2\/media?parent=591"}],"curies":[{"name":"wp","href":"https:\/\/api.w.org\/{rel}","templated":true}]}}