{"id":69,"date":"2021-01-16T09:19:15","date_gmt":"2021-01-16T08:19:15","guid":{"rendered":"https:\/\/fundacjanarowerze.pl\/?page_id=69"},"modified":"2024-05-27T10:31:25","modified_gmt":"2024-05-27T09:31:25","slug":"darowizna","status":"publish","type":"page","link":"https:\/\/fundacjanarowerze.pl\/uk\/wspieram\/darowizna\/","title":{"rendered":"Wesprzyj nas finansowo"},"content":{"rendered":"<h2 class=\"wp-block-heading\">\u041d\u0430 \u0449\u043e \u043c\u0438 \u0437\u0431\u0438\u0440\u0430\u0454\u043c\u043e \u043a\u043e\u0448\u0442\u0438?<\/h2>\n\n\n\n<h4 class=\"wp-block-heading\">\u0410\u0434\u043c\u0456\u043d\u0456\u0441\u0442\u0440\u0430\u0442\u0438\u0432\u043d\u0456 \u0432\u0438\u0442\u0440\u0430\u0442\u0438<\/h4>\n\n\n\n<p>\u042f\u043a \u0456 \u0431\u0443\u0434\u044c-\u044f\u043a\u0430 \u0433\u0440\u043e\u043c\u0430\u0434\u0441\u044c\u043a\u0430 \u043e\u0440\u0433\u0430\u043d\u0456\u0437\u0430\u0446\u0456\u044f \u2013 \u043c\u0438 \u043c\u0430\u0454\u043c\u043e \u043f\u043e\u0441\u0442\u0456\u0439\u043d\u0456 \u0432\u0438\u0442\u0440\u0430\u0442\u0438. \u041c\u0438 \u0440\u043e\u0431\u0438\u043c\u043e \u0432\u0441\u0435 \u043c\u043e\u0436\u043b\u0438\u0432\u0435, \u0449\u043e\u0431 \u0446\u0456 \u0432\u0438\u0442\u0440\u0430\u0442\u0438 \u043c\u0456\u043d\u0456\u043c\u0430\u043b\u0456\u0437\u0443\u0432\u0430\u0442\u0438.<\/p>\n\n\n\n<ul class=\"wp-block-list\">\n<li><strong>\u041c\u0438 \u0432\u0438\u0442\u0440\u0430\u0447\u0430\u0454\u043c\u043e <b>200 \u0437\u043b\u043e\u0442\u0438\u0445<\/b> \u043d\u0430 \u0440\u0456\u043a \u043d\u0430 \u043f\u0456\u0434\u0442\u0440\u0438\u043c\u043a\u0443 \u0430\u0434\u0440\u0435\u0441\u0438 \u043d\u0430\u0448\u043e\u0433\u043e \u0433\u043e\u043b\u043e\u0432\u043d\u043e\u0433\u043e \u043e\u0444\u0456\u0441\u0443 (\u043c\u0438 \u0432\u0438\u043a\u043e\u0440\u0438\u0441\u0442\u043e\u0432\u0443\u0454\u043c\u043e \u0433\u043e\u0441\u0442\u0438\u043d\u043d\u0456\u0441\u0442\u044c RC Foundation).<\/strong>\u00a0\u043c\u0438 \u0432\u0438\u0442\u0440\u0430\u0447\u0430\u0454\u043c\u043e \u043d\u0430 \u043f\u0456\u0434\u0442\u0440\u0438\u043c\u043a\u0443 \u0430\u0434\u0440\u0435\u0441\u0438 \u043d\u0430\u0448\u043e\u0433\u043e \u0448\u0442\u0430\u0431-\u043a\u0432\u0430\u0440\u0442\u0438\u0440\u0438 (\u043c\u0438 \u043a\u043e\u0440\u0438\u0441\u0442\u0443\u0454\u043c\u043e\u0441\u044f \u0433\u043e\u0441\u0442\u0438\u043d\u043d\u0456\u0441\u0442\u044e RC Foundation).<\/li>\n\n\n\n<li><strong><b>508,47 \u0437\u043b\u043e\u0442\u0438\u0445<\/b> \u043d\u0430 \u0440\u0456\u043a \u2013 \u0446\u0435 \u0432\u0430\u0440\u0442\u0456\u0441\u0442\u044c \u043f\u0456\u0434\u0442\u0440\u0438\u043c\u043a\u0438 \u0441\u0430\u0439\u0442\u0443 (\u0445\u043e\u0441\u0442\u0438\u043d\u0433 + \u043f\u0440\u043e\u0434\u043e\u0432\u0436\u0435\u043d\u043d\u044f \u0434\u043e\u043c\u0435\u043d\u0443)<\/strong>\u00a0\u0446\u0435 \u0432\u0430\u0440\u0442\u0456\u0441\u0442\u044c \u043e\u0431\u0441\u043b\u0443\u0433\u043e\u0432\u0443\u0432\u0430\u043d\u043d\u044f \u0441\u0430\u0439\u0442\u0443 (\u0445\u043e\u0441\u0442\u0438\u043d\u0433 + \u043f\u0440\u043e\u0434\u043e\u0432\u0436\u0435\u043d\u043d\u044f \u0434\u043e\u043c\u0435\u043d\u0443).<\/li>\n<\/ul>\n\n\n\n<p>\u0426\u0435 \u0454\u0434\u0438\u043d\u0456 \u043f\u043e\u0441\u0442\u0456\u0439\u043d\u0456 \u0432\u0438\u0442\u0440\u0430\u0442\u0438, \u044f\u043a\u0456 \u043c\u0438 \u043d\u0435\u0441\u0435\u043c\u043e.<\/p>\n\n\n\n<h4 class=\"wp-block-heading\">Rowerowa Lekcja Jazdy i M\u0142ody Rowerzysta<\/h4>\n\n\n\n<p>Im wi\u0119cej Darczy\u0144c\u00f3w, tym wi\u0119cej zaj\u0119\u0107 w ramach <a href=\"https:\/\/fundacjanarowerze.pl\/uk\/rowerowa-lekcja-jazdy\/\">Rowerowej Lekcji Jazdy<\/a> (dla doros\u0142ych) jeste\u015bmy w stanie przeprowadzi\u0107. Ponadto dzi\u0119ki Waszym darowiznom ro\u015bnie pula dost\u0119pnych lekcji w ramach programu <a href=\"https:\/\/fundacjanarowerze.pl\/uk\/mlody-rowerzysta\/\">M\u0142ody Rowerzysta &#8211; karta rowerowa i co dalej<\/a> &#8211; zaj\u0119\u0107 edukacyjnych w ruchu drogowym dla dzieci posiadaj\u0105cych rowerowe prawo jazdy.<\/p>\n\n\n\n<h4 class=\"wp-block-heading\">Kaski i o\u015bwietlenie rowerowe<\/h4>\n\n\n\n<p>Wyobra\u017a sobie, \u017ce nie sta\u0107 Ci\u0119 na samoch\u00f3d a komunikacji miejskiej w Twojej okolicy nie ma wcale, lub je\u017adzi bardzo rzadko. W tej sytuacji jeste\u015b skazany\/a na rower &#8211; cz\u0119sto stary, nawet zaniedbany. Dzieci z ubogich dom\u00f3w doje\u017cd\u017caj\u0105 rowerem do szko\u0142y. Osoby starsze, cz\u0119sto samotne, na rowerach je\u017cd\u017c\u0105 do sklepu. Na zakup kasku rowerowego czy dobrej jako\u015bci o\u015bwietlenia zwyczajnie ich nie sta\u0107.<\/p>\n\n\n\n<p>Przekazuj\u0105c darowizn\u0119 mo\u017cesz obdarowa\u0107 dowoln\u0105 osob\u0119 kompletem o\u015bwietlenia rowerowego lub kaskiem chroni\u0105cym zdrowie i \u017cycie rowerzysty.<\/p>\n\n\n\n<h4 class=\"wp-block-heading\">\u0412\u0438\u0434\u0430\u043d\u043d\u044f \u043a\u043d\u0438\u0433\u0438 \u043d\u0430 \u043f\u0430\u043f\u0435\u0440\u0456<\/h4>\n\n\n\n<p>Ksi\u0105\u017cka w pierwszym wydaniu jest ju\u017c dost\u0119pna do pobrania bezp\u0142atnie z naszej strony internetowej (eBook). Stworzyli\u015bmy j\u0105 wsp\u00f3lnymi si\u0142ami wraz z Pomorskim O\u015brodkiem Ruchu Drogowego w Gda\u0144sku po\u015bwi\u0119caj\u0105c wiele godzin pracy wolontariackiej.<\/p>\n\n\n\n<p>Planujemy wyda\u0107 drug\u0105 edycj\u0119 eBooka &#8211; tym razem w formie tradycyjnej ksi\u0105\u017cki. Nowe wydanie zaktualizujemy o rysunki stworzone przez profesjonalnego grafika. Przed drukiem ksi\u0105\u017cka przejdzie tak\u017ce korekt\u0119.<\/p>\n\n\n\n<p>Je\u015bli prowadzisz biznes i chcesz, aby logo Twojej firmy pojawi\u0142o si\u0119 na ok\u0142adce ksi\u0105\u017cki, to dobry moment aby\u015bmy porozmawiali o wsp\u00f3\u0142pracy.<\/p>\n\n\n\n<p><strong>\u041e\u0440\u0456\u0454\u043d\u0442\u043e\u0432\u043d\u0430 \u0441\u0443\u043c\u0430 \u0437\u0431\u043e\u0440\u0443: 25 000 \u0437\u043b\u043e\u0442\u0438\u0445<\/strong><\/p>\n\n\n\n<div class=\"wp-block-buttons is-layout-flex wp-block-buttons-is-layout-flex\">\n<div class=\"wp-block-button aligncenter\"><a class=\"wp-block-button__link has-white-color has-accent-background-color has-text-color has-background wp-element-button\" href=\"https:\/\/fundacjanarowerze.pl\/uk\/dzialalnosc-fundacji-w-liczbach\/\">\u041f\u043e\u0434\u0438\u0432\u0456\u0442\u044c\u0441\u044f, \u0449\u043e \u043c\u0438 \u0432\u0436\u0435 \u0440\u0435\u0430\u043b\u0456\u0437\u0443\u0432\u0430\u043b\u0438<\/a><\/div>\n<\/div>\n\n\n\n<h4 class=\"wp-block-heading\" id=\"wplacam\">\u0420\u0435\u043a\u043e\u043c\u0435\u043d\u0434\u043e\u0432\u0430\u043d\u0438\u0439 \u0441\u043f\u043e\u0441\u0456\u0431 \u0434\u043e\u043d\u043e\u0440\u0441\u0442\u0432\u0430<\/h4>\n\n\n\n<p>\u041f\u0435\u0440\u0435\u043a\u0430\u0437 \u043d\u0430 \u0440\u0430\u0445\u0443\u043d\u043e\u043a (\u0431\u0443\u0434\u044c-\u044f\u043a\u0430 \u0441\u0443\u043c\u0430):<\/p>\n\n\n\n<p class=\"has-text-align-center has-accent-color has-text-color has-medium-font-size\">\u0420\u0435\u0446\u0438\u043f\u0456\u0454\u043d\u0442: <strong>\u0424\u0443\u043d\u0434\u0430\u0446\u0456\u044f Na Rowerze<\/strong><br>\u041d\u043e\u043c\u0435\u0440 \u0440\u0430\u0445\u0443\u043d\u043a\u0443: <strong>87 1140 2004 0000 3402 8095 0759<\/strong><br>\u041d\u0430\u0437\u0432\u0430: <strong>\u041f\u043e\u0436\u0435\u0440\u0442\u0432\u0430 \u043d\u0430 \u043d\u0430\u0432\u0447\u0430\u043d\u043d\u044f \u0432\u0435\u043b\u043e\u0441\u0438\u043f\u0435\u0434\u0438\u0441\u0442\u0456\u0432<\/strong><\/p>\n\n\n\n<p><strong>\u041f\u0430\u043c\u2019\u044f\u0442\u0430\u0439\u0442\u0435: <\/strong>\u0437\u0431\u0435\u0440\u0456\u0433\u0430\u0439\u0442\u0435 \u043a\u0432\u0438\u0442\u0430\u043d\u0446\u0456\u044e \u043f\u0440\u043e \u043f\u0435\u0440\u0435\u043a\u0430\u0437, \u0449\u043e\u0431 \u0432\u0438 \u043c\u043e\u0433\u043b\u0438 \u0449\u043e\u0440\u043e\u043a\u0443 \u0432\u0438\u0440\u0430\u0445\u043e\u0432\u0443\u0432\u0430\u0442\u0438 \u043f\u043e\u0436\u0435\u0440\u0442\u0432\u0443 \u0437\u0456 \u0441\u0432\u043e\u0433\u043e \u043f\u043e\u0434\u0430\u0442\u043a\u0443 \u043f\u043e\u0434\u0430\u0442\u043a\u043e\u0432\u043e\u0457 \u0434\u0435\u043a\u043b\u0430\u0440\u0430\u0446\u0456\u0457.<\/p>\n\n\n\n<p>\u0410\u0431\u043e \u0441\u043a\u043e\u0440\u0438\u0441\u0442\u0430\u0439\u0442\u0435\u0441\u044f \u0444\u043e\u0440\u043c\u043e\u044e \u043d\u0438\u0436\u0447\u0435.<\/p>\n\n\n\n<p>\u0420\u043e\u0431\u043b\u044f\u0447\u0438 \u043f\u043e\u0436\u0435\u0440\u0442\u0432\u0443 \u0433\u0440\u043e\u043c\u0430\u0434\u0441\u044c\u043a\u0456\u0439 \u043e\u0440\u0433\u0430\u043d\u0456\u0437\u0430\u0446\u0456\u0457, \u0432\u0438 \u043c\u0430\u0454\u0442\u0435 \u043f\u0440\u0430\u0432\u043e \u0432\u0438\u0440\u0430\u0445\u0443\u0432\u0430\u0442\u0438 \u0439\u043e\u0433\u043e \u0443 \u0441\u0432\u043e\u0457\u0439 \u0440\u0456\u0447\u043d\u0456\u0439 \u043f\u043e\u0434\u0430\u0442\u043a\u043e\u0432\u0456\u0439 \u0434\u0435\u043a\u043b\u0430\u0440\u0430\u0446\u0456\u0457 \u041f\u0414\u0424\u041e (\u0434\u043e 6% \u0440\u0456\u0447\u043d\u043e\u0433\u043e \u0434\u043e\u0445\u043e\u0434\u0443 \u2013 \u0434\u043b\u044f \u0444\u0456\u0437\u0438\u0447\u043d\u0438\u0445 \u043e\u0441\u0456\u0431) \u0430\u0431\u043e \u041f\u0414\u0424\u041e (\u0434\u043e 10% \u0440\u0456\u0447\u043d\u043e\u0433\u043e \u0434\u043e\u0445\u043e\u0434\u0443 \u2013 \u0434\u043b\u044f \u044e\u0440\u0438\u0434\u0438\u0447\u043d\u0438\u0445 \u043e\u0441\u0456\u0431). \u043e\u0441\u0456\u0431).<br>\u041f\u043e\u0436\u0435\u0440\u0442\u0432\u0443\u0432\u0430\u043d\u043d\u044f \u2013 \u0446\u0435 \u043d\u0435 \u0442\u0435 \u0441\u0430\u043c\u0435, \u0449\u043e \u043f\u043e\u0436\u0435\u0440\u0442\u0432\u0443\u0432\u0430\u043d\u043d\u044f 1% \u0432\u0430\u0448\u043e\u0433\u043e \u043f\u043e\u0434\u0430\u0442\u043a\u0443.<\/p>\n\n\n\n<div class=\"wplacam-container\" data-url=\"https:\/\/nowe.platnosci.ngo.pl\/pl\/public\/campaign\/9W6N1W\"> <\/div><script src=\"https:\/\/nowe.platnosci.ngo.pl\/campaign.js\"><\/script>\n\n\n\n<p><\/p>","protected":false},"excerpt":{"rendered":"<p>Na co zbieramy fundusze? Koszty administracyjne Jak ka\u017cda organizacja pozarz\u0105dowa \u2013 mamy sta\u0142e koszty. Robimy wszystko, aby te koszty minimalizowa\u0107. To jedyne sta\u0142e koszty jakie ponosimy. Rowerowa Lekcja Jazdy i M\u0142ody Rowerzysta Im wi\u0119cej Darczy\u0144c\u00f3w, tym wi\u0119cej zaj\u0119\u0107 w ramach Rowerowej Lekcji Jazdy (dla doros\u0142ych) jeste\u015bmy w stanie przeprowadzi\u0107. Ponadto [&hellip;]<\/p>\n","protected":false},"author":1,"featured_media":0,"parent":1373,"menu_order":0,"comment_status":"closed","ping_status":"closed","template":"","meta":{"footnotes":""},"class_list":["post-69","page","type-page","status-publish","hentry"],"yoast_head":"<!-- This site is optimized with the Yoast SEO plugin v27.1.1 - https:\/\/yoast.com\/product\/yoast-seo-wordpress\/ -->\n<title>Wesprzyj nas finansowo - Fundacja Na Rowerze<\/title>\n<meta name=\"robots\" content=\"index, follow, max-snippet:-1, max-image-preview:large, max-video-preview:-1\" \/>\n<link rel=\"canonical\" href=\"https:\/\/fundacjanarowerze.pl\/uk\/wspieram\/darowizna\/\" \/>\n<meta property=\"og:locale\" content=\"uk_UA\" \/>\n<meta property=\"og:type\" content=\"article\" \/>\n<meta property=\"og:title\" content=\"Wesprzyj nas finansowo - Fundacja Na Rowerze\" \/>\n<meta property=\"og:description\" content=\"Na co zbieramy fundusze? Koszty administracyjne Jak ka\u017cda organizacja pozarz\u0105dowa \u2013 mamy sta\u0142e koszty. Robimy wszystko, aby te koszty minimalizowa\u0107. To jedyne sta\u0142e koszty jakie ponosimy. Rowerowa Lekcja Jazdy i M\u0142ody Rowerzysta Im wi\u0119cej Darczy\u0144c\u00f3w, tym wi\u0119cej zaj\u0119\u0107 w ramach Rowerowej Lekcji Jazdy (dla doros\u0142ych) jeste\u015bmy w stanie przeprowadzi\u0107. Ponadto [&hellip;]\" \/>\n<meta property=\"og:url\" content=\"https:\/\/fundacjanarowerze.pl\/uk\/wspieram\/darowizna\/\" \/>\n<meta property=\"og:site_name\" content=\"Fundacja Na Rowerze\" \/>\n<meta property=\"article:publisher\" content=\"https:\/\/www.facebook.com\/fundacjanarowerze\" \/>\n<meta property=\"article:modified_time\" content=\"2024-05-27T09:31:25+00:00\" \/>\n<meta property=\"og:image\" content=\"https:\/\/i0.wp.com\/fundacjanarowerze.pl\/wp-content\/uploads\/2021\/01\/logo_rower_1080x1080.jpg?fit=1080%2C1080&ssl=1\" \/>\n\t<meta property=\"og:image:width\" content=\"1080\" \/>\n\t<meta property=\"og:image:height\" content=\"1080\" \/>\n\t<meta property=\"og:image:type\" content=\"image\/jpeg\" \/>\n<meta name=\"twitter:card\" content=\"summary_large_image\" \/>\n<meta name=\"twitter:site\" content=\"@fundacjanarower\" \/>\n<meta name=\"twitter:label1\" content=\"\u041f\u0440\u0438\u0431\u043b. \u0447\u0430\u0441 \u0447\u0438\u0442\u0430\u043d\u043d\u044f\" \/>\n\t<meta name=\"twitter:data1\" content=\"2 \u0445\u0432\u0438\u043b\u0438\u043d\u0438\" \/>\n<script type=\"application\/ld+json\" class=\"yoast-schema-graph\">{\"@context\":\"https:\/\/schema.org\",\"@graph\":[{\"@type\":\"WebPage\",\"@id\":\"https:\/\/fundacjanarowerze.pl\/wspieram\/darowizna\/\",\"url\":\"https:\/\/fundacjanarowerze.pl\/wspieram\/darowizna\/\",\"name\":\"Wesprzyj nas finansowo - Fundacja Na Rowerze\",\"isPartOf\":{\"@id\":\"https:\/\/fundacjanarowerze.pl\/#website\"},\"datePublished\":\"2021-01-16T08:19:15+00:00\",\"dateModified\":\"2024-05-27T09:31:25+00:00\",\"breadcrumb\":{\"@id\":\"https:\/\/fundacjanarowerze.pl\/wspieram\/darowizna\/#breadcrumb\"},\"inLanguage\":\"uk\",\"potentialAction\":[{\"@type\":\"ReadAction\",\"target\":[\"https:\/\/fundacjanarowerze.pl\/wspieram\/darowizna\/\"]}]},{\"@type\":\"BreadcrumbList\",\"@id\":\"https:\/\/fundacjanarowerze.pl\/wspieram\/darowizna\/#breadcrumb\",\"itemListElement\":[{\"@type\":\"ListItem\",\"position\":1,\"name\":\"Strona g\u0142\u00f3wna\",\"item\":\"https:\/\/fundacjanarowerze.pl\/\"},{\"@type\":\"ListItem\",\"position\":2,\"name\":\"Wesprzyj nas!\",\"item\":\"https:\/\/fundacjanarowerze.pl\/wspieram\/\"},{\"@type\":\"ListItem\",\"position\":3,\"name\":\"Wesprzyj nas finansowo\"}]},{\"@type\":\"WebSite\",\"@id\":\"https:\/\/fundacjanarowerze.pl\/#website\",\"url\":\"https:\/\/fundacjanarowerze.pl\/\",\"name\":\"Fundacja Na Rowerze\",\"description\":\"Pomagamy rowerzystom zdobywa\u0107 do\u015bwiadczenie w ruchu drogowym\",\"publisher\":{\"@id\":\"https:\/\/fundacjanarowerze.pl\/#organization\"},\"potentialAction\":[{\"@type\":\"SearchAction\",\"target\":{\"@type\":\"EntryPoint\",\"urlTemplate\":\"https:\/\/fundacjanarowerze.pl\/?s={search_term_string}\"},\"query-input\":{\"@type\":\"PropertyValueSpecification\",\"valueRequired\":true,\"valueName\":\"search_term_string\"}}],\"inLanguage\":\"uk\"},{\"@type\":\"Organization\",\"@id\":\"https:\/\/fundacjanarowerze.pl\/#organization\",\"name\":\"Fundacja Na Rowerze\",\"url\":\"https:\/\/fundacjanarowerze.pl\/\",\"logo\":{\"@type\":\"ImageObject\",\"inLanguage\":\"uk\",\"@id\":\"https:\/\/fundacjanarowerze.pl\/#\/schema\/logo\/image\/\",\"url\":\"https:\/\/i2.wp.com\/fundacjanarowerze.pl\/wp-content\/uploads\/2021\/01\/logo_rower_1080x1080.jpg?fit=1080%2C1080&ssl=1\",\"contentUrl\":\"https:\/\/i2.wp.com\/fundacjanarowerze.pl\/wp-content\/uploads\/2021\/01\/logo_rower_1080x1080.jpg?fit=1080%2C1080&ssl=1\",\"width\":1080,\"height\":1080,\"caption\":\"Fundacja Na Rowerze\"},\"image\":{\"@id\":\"https:\/\/fundacjanarowerze.pl\/#\/schema\/logo\/image\/\"},\"sameAs\":[\"https:\/\/www.facebook.com\/fundacjanarowerze\",\"https:\/\/x.com\/fundacjanarower\",\"https:\/\/www.instagram.com\/fundacjanarowerze\"]}]}<\/script>\n<!-- \/ Yoast SEO plugin. -->","yoast_head_json":{"title":"Wesprzyj nas finansowo - Fundacja Na Rowerze","robots":{"index":"index","follow":"follow","max-snippet":"max-snippet:-1","max-image-preview":"max-image-preview:large","max-video-preview":"max-video-preview:-1"},"canonical":"https:\/\/fundacjanarowerze.pl\/uk\/wspieram\/darowizna\/","og_locale":"uk_UA","og_type":"article","og_title":"Wesprzyj nas finansowo - Fundacja Na Rowerze","og_description":"Na co zbieramy fundusze? Koszty administracyjne Jak ka\u017cda organizacja pozarz\u0105dowa \u2013 mamy sta\u0142e koszty. Robimy wszystko, aby te koszty minimalizowa\u0107. To jedyne sta\u0142e koszty jakie ponosimy. Rowerowa Lekcja Jazdy i M\u0142ody Rowerzysta Im wi\u0119cej Darczy\u0144c\u00f3w, tym wi\u0119cej zaj\u0119\u0107 w ramach Rowerowej Lekcji Jazdy (dla doros\u0142ych) jeste\u015bmy w stanie przeprowadzi\u0107. Ponadto [&hellip;]","og_url":"https:\/\/fundacjanarowerze.pl\/uk\/wspieram\/darowizna\/","og_site_name":"Fundacja Na Rowerze","article_publisher":"https:\/\/www.facebook.com\/fundacjanarowerze","article_modified_time":"2024-05-27T09:31:25+00:00","og_image":[{"width":1080,"height":1080,"url":"https:\/\/i0.wp.com\/fundacjanarowerze.pl\/wp-content\/uploads\/2021\/01\/logo_rower_1080x1080.jpg?fit=1080%2C1080&ssl=1","type":"image\/jpeg"}],"twitter_card":"summary_large_image","twitter_site":"@fundacjanarower","twitter_misc":{"\u041f\u0440\u0438\u0431\u043b. \u0447\u0430\u0441 \u0447\u0438\u0442\u0430\u043d\u043d\u044f":"2 \u0445\u0432\u0438\u043b\u0438\u043d\u0438"},"schema":{"@context":"https:\/\/schema.org","@graph":[{"@type":"WebPage","@id":"https:\/\/fundacjanarowerze.pl\/wspieram\/darowizna\/","url":"https:\/\/fundacjanarowerze.pl\/wspieram\/darowizna\/","name":"Wesprzyj nas finansowo - Fundacja Na Rowerze","isPartOf":{"@id":"https:\/\/fundacjanarowerze.pl\/#website"},"datePublished":"2021-01-16T08:19:15+00:00","dateModified":"2024-05-27T09:31:25+00:00","breadcrumb":{"@id":"https:\/\/fundacjanarowerze.pl\/wspieram\/darowizna\/#breadcrumb"},"inLanguage":"uk","potentialAction":[{"@type":"ReadAction","target":["https:\/\/fundacjanarowerze.pl\/wspieram\/darowizna\/"]}]},{"@type":"BreadcrumbList","@id":"https:\/\/fundacjanarowerze.pl\/wspieram\/darowizna\/#breadcrumb","itemListElement":[{"@type":"ListItem","position":1,"name":"Strona g\u0142\u00f3wna","item":"https:\/\/fundacjanarowerze.pl\/"},{"@type":"ListItem","position":2,"name":"Wesprzyj nas!","item":"https:\/\/fundacjanarowerze.pl\/wspieram\/"},{"@type":"ListItem","position":3,"name":"Wesprzyj nas finansowo"}]},{"@type":"WebSite","@id":"https:\/\/fundacjanarowerze.pl\/#website","url":"https:\/\/fundacjanarowerze.pl\/","name":"\u0424\u0443\u043d\u0434\u0430\u0446\u0456\u044f Na Rowerze","description":"Pomagamy rowerzystom zdobywa\u0107 do\u015bwiadczenie w ruchu drogowym","publisher":{"@id":"https:\/\/fundacjanarowerze.pl\/#organization"},"potentialAction":[{"@type":"SearchAction","target":{"@type":"EntryPoint","urlTemplate":"https:\/\/fundacjanarowerze.pl\/?s={search_term_string}"},"query-input":{"@type":"PropertyValueSpecification","valueRequired":true,"valueName":"search_term_string"}}],"inLanguage":"uk"},{"@type":"Organization","@id":"https:\/\/fundacjanarowerze.pl\/#organization","name":"\u0424\u0443\u043d\u0434\u0430\u0446\u0456\u044f Na Rowerze","url":"https:\/\/fundacjanarowerze.pl\/","logo":{"@type":"ImageObject","inLanguage":"uk","@id":"https:\/\/fundacjanarowerze.pl\/#\/schema\/logo\/image\/","url":"https:\/\/i2.wp.com\/fundacjanarowerze.pl\/wp-content\/uploads\/2021\/01\/logo_rower_1080x1080.jpg?fit=1080%2C1080&ssl=1","contentUrl":"https:\/\/i2.wp.com\/fundacjanarowerze.pl\/wp-content\/uploads\/2021\/01\/logo_rower_1080x1080.jpg?fit=1080%2C1080&ssl=1","width":1080,"height":1080,"caption":"Fundacja Na Rowerze"},"image":{"@id":"https:\/\/fundacjanarowerze.pl\/#\/schema\/logo\/image\/"},"sameAs":["https:\/\/www.facebook.com\/fundacjanarowerze","https:\/\/x.com\/fundacjanarower","https:\/\/www.instagram.com\/fundacjanarowerze"]}]}},"jetpack_sharing_enabled":true,"_links":{"self":[{"href":"https:\/\/fundacjanarowerze.pl\/uk\/wp-json\/wp\/v2\/pages\/69","targetHints":{"allow":["GET"]}}],"collection":[{"href":"https:\/\/fundacjanarowerze.pl\/uk\/wp-json\/wp\/v2\/pages"}],"about":[{"href":"https:\/\/fundacjanarowerze.pl\/uk\/wp-json\/wp\/v2\/types\/page"}],"author":[{"embeddable":true,"href":"https:\/\/fundacjanarowerze.pl\/uk\/wp-json\/wp\/v2\/users\/1"}],"replies":[{"embeddable":true,"href":"https:\/\/fundacjanarowerze.pl\/uk\/wp-json\/wp\/v2\/comments?post=69"}],"version-history":[{"count":41,"href":"https:\/\/fundacjanarowerze.pl\/uk\/wp-json\/wp\/v2\/pages\/69\/revisions"}],"predecessor-version":[{"id":1592,"href":"https:\/\/fundacjanarowerze.pl\/uk\/wp-json\/wp\/v2\/pages\/69\/revisions\/1592"}],"up":[{"embeddable":true,"href":"https:\/\/fundacjanarowerze.pl\/uk\/wp-json\/wp\/v2\/pages\/1373"}],"wp:attachment":[{"href":"https:\/\/fundacjanarowerze.pl\/uk\/wp-json\/wp\/v2\/media?parent=69"}],"curies":[{"name":"wp","href":"https:\/\/api.w.org\/{rel}","templated":true}]}}